{"id":30569,"date":"2017-03-29T00:02:17","date_gmt":"2017-03-28T22:02:17","guid":{"rendered":"https:\/\/gastrofest.sk\/biztonsagi-szolgalat\/"},"modified":"2017-05-06T22:27:24","modified_gmt":"2017-05-06T20:27:24","slug":"biztonsagi-szolgalat","status":"publish","type":"page","link":"https:\/\/gastrofest.sk\/hu\/biztonsagi-szolgalat\/","title":{"rendered":"Biztons\u00e1gi szolg\u00e1lat"},"content":{"rendered":"<p>[vc_row css=&#8221;.vc_custom_1490736998989{margin-bottom: 0px !important;padding-top: 50px !important;padding-bottom: 50px !important;}&#8221;][vc_column][vc_column_text]A biztons\u00e1gi szolg\u00e1lat feladata, hogy megv\u00e9dje a l\u00e1togat\u00f3kat \u00e9s \u0151rizze a gasztrofesztiv\u00e1l ter\u00fclet\u00e9t. Az egys\u00e9ges \u00f6lt\u00f6zet\u00fck alapj\u00e1n k\u00fcl\u00f6nb\u00f6ztethet\u0151ek meg (SECURITY felirat). B\u00e1rmilyen n\u00e9zetelt\u00e9r\u00e9s vagy probl\u00e9ma eset\u00e9n a biztons\u00e1gi szolg\u00e1lat emberein kereszt\u00fcl k\u00e9rj\u00fck a rendez\u0151s\u00e9get \u00e9rtes\u00edteni.<br \/>\nA biztons\u00e1gi szolg\u00e1lat emberei szervez\u0151i feladatokat t\u00f6ltenek be.[\/vc_column_text][vc_column_text]Tilos a behozatala mindennem\u0171 t\u00e1rgynak, amely vesz\u00e9lyt jelenthet az eg\u00e9szs\u00e9gre vagy a biztons\u00e1gra. Bejelent\u00e9s c\u00e9lj\u00e1b\u00f3l sz\u00fcks\u00e9ges bemutatni a biztons\u00e1gi szolg\u00e1lat embereinek azokat a t\u00e1rgyakat, amelyek a f\u0151z\u0151hely kid\u00edsz\u00edt\u00e9s\u00e9hez sz\u00fcks\u00e9gesek.<br \/>\nA rendezv\u00e9ny probl\u00e9ma mentes lefoly\u00e1sa \u00e9rdek\u00e9ben k\u00f6telez\u0151 betartani a biztons\u00e1gi szolg\u00e1lat hat\u00e1sk\u00f6r\u00e9be tartoz\u00f3 szervez\u00e9si szab\u00e1lyokat, ennek elengedhetetlen r\u00e9sze a rendezv\u00e9nyen tartozkod\u00f3 l\u00e1togat\u00f3k azonos\u00edt\u00e1sa.[\/vc_column_text][vc_empty_space height=&#8221;30px&#8221;][vc_column_text]<\/p>\n<div class=\"title-h2\" style=\"text-align: center;\">A biztons\u00e1gi szolg\u00e1lat hat\u00e1sk\u00f6r\u00e9be \u00e9s k\u00f6teless\u00e9gei<\/div>\n<p>[\/vc_column_text][vc_empty_space height=&#8221;30px&#8221;][vc_row_inner][vc_column_inner width=&#8221;1\/3&#8243;]<div class=\"gem-list gem-list-type-check-style-1 gem-list-color-4\"><ul>\n<li>a jegyek ellen\u0151rz\u00e9se, a rendezv\u00e9nyen tart\u00f3zkod\u00f3, visszat\u00e9r\u0151 l\u00e1togat\u00f3k azonos\u00edt\u00e1sa (bele\u00e9rtve a s\u00e1tort\u00e1bort is)<\/li>\n<li>szem\u00e9lyes ellen\u0151rz\u00e9s (a vesz\u00e9lyes \u00e9s tiltott t\u00e1rgyak bevitel\u00e9nek megakad\u00e1lyoz\u00e1sa \u00e9rdek\u00e9ben)<\/li>\n<li>esetleges evaku\u00e1ci\u00f3<\/li>\n<\/ul>\n<\/div>[\/vc_column_inner][vc_column_inner width=&#8221;1\/3&#8243;]<div class=\"gem-list gem-list-type-check-style-1 gem-list-color-4\"><ul>\n<li>emberek kivezet\u00e9se a rendezv\u00e9ny ter\u00fclet\u00e9r\u0151l:\n<ul>\n<li>azonos\u00edtatlan, er\u0151szakos szem\u00e9lyek,<\/li>\n<li>biztons\u00e1got vesz\u00e9lyeztet\u0151 szem\u00e9lyek,<\/li>\n<li>jogtalanul \u00e1rus\u00edt\u00f3 \u00e1rusok, \u00e1rusokat akik\u00a0megszegt\u00e9k a szerz\u0151d\u00e9s felt\u00e9teleit,<\/li>\n<li>dealereket \u00e9s tudatm\u00f3dos\u00edt\u00f3 szerek illetve drogok hat\u00e1sa allatt l\u00e9v\u0151 szem\u00e9lyeket,<\/li>\n<li>stb.<\/li>\n<\/ul>\n<\/li>\n<\/ul>\n<\/div>[\/vc_column_inner][vc_column_inner width=&#8221;1\/3&#8243;]<div class=\"gem-list gem-list-type-check-style-1 gem-list-color-4\"><ul>\n<li>a nyilv\u00e1noss\u00e1g el\u0151l elz\u00e1rt ter\u00fcletekre val\u00f3 bel\u00e9p\u00e9s megakad\u00e1lyoz\u00e1sa,<\/li>\n<li>seg\u00edts\u00e9gny\u00fajt\u00e1s a fogyat\u00e9kos l\u00e1togat\u00f3knak a bejut\u00e1shoz,<\/li>\n<li>inform\u00e1ci\u00f3 az eg\u00e9szs\u00e9g\u00fcgyi szolg\u00e1ltat\u00e1sr\u00f3l,<\/li>\n<li>a szerepl\u0151k, l\u00e1togat\u00f3k \u00e9s a gasztrofesztiv\u00e1l felszerel\u00e9s\u00e9nek v\u00e9delme<\/li>\n<\/ul>\n<\/div>[\/vc_column_inner][\/vc_row_inner][\/vc_column][\/vc_row]<\/p>\n","protected":false},"excerpt":{"rendered":"<p>[vc_row css=&#8221;.vc_custom_1490736998989{margin-bottom: 0px !important;padding-top: 50px !important;padding-bottom: 50px !important;}&#8221;][vc_column][vc_column_text]A biztons\u00e1gi szolg\u00e1lat feladata, hogy megv\u00e9dje a l\u00e1togat\u00f3kat \u00e9s \u0151rizze a gasztrofesztiv\u00e1l ter\u00fclet\u00e9t&#8230;.<\/p>\n","protected":false},"author":1,"featured_media":0,"parent":0,"menu_order":0,"comment_status":"closed","ping_status":"closed","template":"","meta":{"_monsterinsights_skip_tracking":false,"_monsterinsights_sitenote_active":false,"_monsterinsights_sitenote_note":"","_monsterinsights_sitenote_category":0,"footnotes":""},"class_list":["post-30569","page","type-page","status-publish","hentry"],"yoast_head":"<!-- This site is optimized with the Yoast SEO plugin v24.8.1 - https:\/\/yoast.com\/wordpress\/plugins\/seo\/ -->\n<title>Biztons\u00e1gi szolg\u00e1lat | Gastrofest<\/title>\n<meta name=\"robots\" content=\"index, follow, max-snippet:-1, max-image-preview:large, max-video-preview:-1\" \/>\n<link rel=\"canonical\" href=\"https:\/\/gastrofest.sk\/hu\/biztonsagi-szolgalat\/\" \/>\n<meta property=\"og:locale\" content=\"hu_HU\" \/>\n<meta property=\"og:type\" content=\"article\" \/>\n<meta property=\"og:title\" content=\"Biztons\u00e1gi szolg\u00e1lat | Gastrofest\" \/>\n<meta property=\"og:description\" content=\"[vc_row css=&#8221;.vc_custom_1490736998989{margin-bottom: 0px !important;padding-top: 50px !important;padding-bottom: 50px !important;}&#8221;][vc_column][vc_column_text]A biztons\u00e1gi szolg\u00e1lat feladata, hogy megv\u00e9dje a l\u00e1togat\u00f3kat \u00e9s \u0151rizze a gasztrofesztiv\u00e1l ter\u00fclet\u00e9t....\" \/>\n<meta property=\"og:url\" content=\"https:\/\/gastrofest.sk\/hu\/biztonsagi-szolgalat\/\" \/>\n<meta property=\"og:site_name\" content=\"Gastrofest\" \/>\n<meta property=\"article:publisher\" content=\"https:\/\/www.facebook.com\/gastrofest\/\" \/>\n<meta property=\"article:modified_time\" content=\"2017-05-06T20:27:24+00:00\" \/>\n<meta name=\"twitter:card\" content=\"summary_large_image\" \/>\n<meta name=\"twitter:label1\" content=\"Becs\u00fclt olvas\u00e1si id\u0151\" \/>\n\t<meta name=\"twitter:data1\" content=\"2 perc\" \/>\n<script type=\"application\/ld+json\" class=\"yoast-schema-graph\">{\"@context\":\"https:\/\/schema.org\",\"@graph\":[{\"@type\":\"WebPage\",\"@id\":\"https:\/\/gastrofest.sk\/hu\/biztonsagi-szolgalat\/\",\"url\":\"https:\/\/gastrofest.sk\/hu\/biztonsagi-szolgalat\/\",\"name\":\"Biztons\u00e1gi szolg\u00e1lat | Gastrofest\",\"isPartOf\":{\"@id\":\"https:\/\/gastrofest.sk\/#website\"},\"datePublished\":\"2017-03-28T22:02:17+00:00\",\"dateModified\":\"2017-05-06T20:27:24+00:00\",\"breadcrumb\":{\"@id\":\"https:\/\/gastrofest.sk\/hu\/biztonsagi-szolgalat\/#breadcrumb\"},\"inLanguage\":\"hu\",\"potentialAction\":[{\"@type\":\"ReadAction\",\"target\":[\"https:\/\/gastrofest.sk\/hu\/biztonsagi-szolgalat\/\"]}]},{\"@type\":\"BreadcrumbList\",\"@id\":\"https:\/\/gastrofest.sk\/hu\/biztonsagi-szolgalat\/#breadcrumb\",\"itemListElement\":[{\"@type\":\"ListItem\",\"position\":1,\"name\":\"Home\",\"item\":\"https:\/\/gastrofest.sk\/hu\/\"},{\"@type\":\"ListItem\",\"position\":2,\"name\":\"Biztons\u00e1gi szolg\u00e1lat\"}]},{\"@type\":\"WebSite\",\"@id\":\"https:\/\/gastrofest.sk\/#website\",\"url\":\"https:\/\/gastrofest.sk\/\",\"name\":\"Gastrofest\",\"description\":\"Megapiknik na zjedenie, pr\u00ed\u010f a ochutnaj!\",\"publisher\":{\"@id\":\"https:\/\/gastrofest.sk\/#organization\"},\"potentialAction\":[{\"@type\":\"SearchAction\",\"target\":{\"@type\":\"EntryPoint\",\"urlTemplate\":\"https:\/\/gastrofest.sk\/?s={search_term_string}\"},\"query-input\":{\"@type\":\"PropertyValueSpecification\",\"valueRequired\":true,\"valueName\":\"search_term_string\"}}],\"inLanguage\":\"hu\"},{\"@type\":\"Organization\",\"@id\":\"https:\/\/gastrofest.sk\/#organization\",\"name\":\"SITI s.r.o.\",\"url\":\"https:\/\/gastrofest.sk\/\",\"logo\":{\"@type\":\"ImageObject\",\"inLanguage\":\"hu\",\"@id\":\"https:\/\/gastrofest.sk\/#\/schema\/logo\/image\/\",\"url\":\"https:\/\/gastrofest.sk\/wp-content\/uploads\/2017\/03\/header_logo_old.png\",\"contentUrl\":\"https:\/\/gastrofest.sk\/wp-content\/uploads\/2017\/03\/header_logo_old.png\",\"width\":722,\"height\":299,\"caption\":\"SITI s.r.o.\"},\"image\":{\"@id\":\"https:\/\/gastrofest.sk\/#\/schema\/logo\/image\/\"},\"sameAs\":[\"https:\/\/www.facebook.com\/gastrofest\/\",\"https:\/\/www.instagram.com\/gastrofest.sk\/\",\"https:\/\/www.youtube.com\/channel\/UCQmTHNIgmiaJvc0T-BrA03A\"]}]}<\/script>\n<!-- \/ Yoast SEO plugin. -->","yoast_head_json":{"title":"Biztons\u00e1gi szolg\u00e1lat | Gastrofest","robots":{"index":"index","follow":"follow","max-snippet":"max-snippet:-1","max-image-preview":"max-image-preview:large","max-video-preview":"max-video-preview:-1"},"canonical":"https:\/\/gastrofest.sk\/hu\/biztonsagi-szolgalat\/","og_locale":"hu_HU","og_type":"article","og_title":"Biztons\u00e1gi szolg\u00e1lat | Gastrofest","og_description":"[vc_row css=&#8221;.vc_custom_1490736998989{margin-bottom: 0px !important;padding-top: 50px !important;padding-bottom: 50px !important;}&#8221;][vc_column][vc_column_text]A biztons\u00e1gi szolg\u00e1lat feladata, hogy megv\u00e9dje a l\u00e1togat\u00f3kat \u00e9s \u0151rizze a gasztrofesztiv\u00e1l ter\u00fclet\u00e9t....","og_url":"https:\/\/gastrofest.sk\/hu\/biztonsagi-szolgalat\/","og_site_name":"Gastrofest","article_publisher":"https:\/\/www.facebook.com\/gastrofest\/","article_modified_time":"2017-05-06T20:27:24+00:00","twitter_card":"summary_large_image","twitter_misc":{"Becs\u00fclt olvas\u00e1si id\u0151":"2 perc"},"schema":{"@context":"https:\/\/schema.org","@graph":[{"@type":"WebPage","@id":"https:\/\/gastrofest.sk\/hu\/biztonsagi-szolgalat\/","url":"https:\/\/gastrofest.sk\/hu\/biztonsagi-szolgalat\/","name":"Biztons\u00e1gi szolg\u00e1lat | Gastrofest","isPartOf":{"@id":"https:\/\/gastrofest.sk\/#website"},"datePublished":"2017-03-28T22:02:17+00:00","dateModified":"2017-05-06T20:27:24+00:00","breadcrumb":{"@id":"https:\/\/gastrofest.sk\/hu\/biztonsagi-szolgalat\/#breadcrumb"},"inLanguage":"hu","potentialAction":[{"@type":"ReadAction","target":["https:\/\/gastrofest.sk\/hu\/biztonsagi-szolgalat\/"]}]},{"@type":"BreadcrumbList","@id":"https:\/\/gastrofest.sk\/hu\/biztonsagi-szolgalat\/#breadcrumb","itemListElement":[{"@type":"ListItem","position":1,"name":"Home","item":"https:\/\/gastrofest.sk\/hu\/"},{"@type":"ListItem","position":2,"name":"Biztons\u00e1gi szolg\u00e1lat"}]},{"@type":"WebSite","@id":"https:\/\/gastrofest.sk\/#website","url":"https:\/\/gastrofest.sk\/","name":"Gastrofest","description":"Megapiknik na zjedenie, pr\u00ed\u010f a ochutnaj!","publisher":{"@id":"https:\/\/gastrofest.sk\/#organization"},"potentialAction":[{"@type":"SearchAction","target":{"@type":"EntryPoint","urlTemplate":"https:\/\/gastrofest.sk\/?s={search_term_string}"},"query-input":{"@type":"PropertyValueSpecification","valueRequired":true,"valueName":"search_term_string"}}],"inLanguage":"hu"},{"@type":"Organization","@id":"https:\/\/gastrofest.sk\/#organization","name":"SITI s.r.o.","url":"https:\/\/gastrofest.sk\/","logo":{"@type":"ImageObject","inLanguage":"hu","@id":"https:\/\/gastrofest.sk\/#\/schema\/logo\/image\/","url":"https:\/\/gastrofest.sk\/wp-content\/uploads\/2017\/03\/header_logo_old.png","contentUrl":"https:\/\/gastrofest.sk\/wp-content\/uploads\/2017\/03\/header_logo_old.png","width":722,"height":299,"caption":"SITI s.r.o."},"image":{"@id":"https:\/\/gastrofest.sk\/#\/schema\/logo\/image\/"},"sameAs":["https:\/\/www.facebook.com\/gastrofest\/","https:\/\/www.instagram.com\/gastrofest.sk\/","https:\/\/www.youtube.com\/channel\/UCQmTHNIgmiaJvc0T-BrA03A"]}]}},"_links":{"self":[{"href":"https:\/\/gastrofest.sk\/hu\/wp-json\/wp\/v2\/pages\/30569"}],"collection":[{"href":"https:\/\/gastrofest.sk\/hu\/wp-json\/wp\/v2\/pages"}],"about":[{"href":"https:\/\/gastrofest.sk\/hu\/wp-json\/wp\/v2\/types\/page"}],"author":[{"embeddable":true,"href":"https:\/\/gastrofest.sk\/hu\/wp-json\/wp\/v2\/users\/1"}],"replies":[{"embeddable":true,"href":"https:\/\/gastrofest.sk\/hu\/wp-json\/wp\/v2\/comments?post=30569"}],"version-history":[{"count":0,"href":"https:\/\/gastrofest.sk\/hu\/wp-json\/wp\/v2\/pages\/30569\/revisions"}],"wp:attachment":[{"href":"https:\/\/gastrofest.sk\/hu\/wp-json\/wp\/v2\/media?parent=30569"}],"curies":[{"name":"wp","href":"https:\/\/api.w.org\/{rel}","templated":true}]}}