{"id":30580,"date":"2017-03-27T18:30:08","date_gmt":"2017-03-27T16:30:08","guid":{"rendered":"https:\/\/gastrofest.sk\/galeria\/"},"modified":"2025-04-09T10:46:46","modified_gmt":"2025-04-09T08:46:46","slug":"fotogaleria","status":"publish","type":"page","link":"https:\/\/gastrofest.sk\/hu\/fotogaleria\/","title":{"rendered":"Fot\u00f3gal\u00e9ria"},"content":{"rendered":"<p>[vc_row css=&#8221;.vc_custom_1490632053305{margin-bottom: 0px !important;padding-top: 100px !important;padding-bottom: 100px !important;}&#8221;][vc_column width=&#8221;1\/3&#8243;]<div class=\"gem-textbox centered-box\" ><div class=\"gem-textbox-top gem-textbox-top-note-1\"><svg width=\"100%\" height=\"31\" style=\"fill: #f0f3f2;\"><defs><pattern id=\"pattern-1776561698-97\" x=\"11\" y=\"0\" width=\"23\" height=\"32\" patternUnits=\"userSpaceOnUse\" ><path d=\"M20,9h3V0H0v9h3c2.209,0,4,1.791,4,4v6c0,2.209-1.791,4-4,4H0v9h23v-9h-3c-2.209,0-4-1.791-4-4v-6C16,10.791,17.791,9,20,9z\" \/><\/pattern><\/defs><rect x=\"0\" y=\"0\" width=\"100%\" height=\"32\" style=\"fill: url(#pattern-1776561698-97);\" \/><\/svg><\/div><div class=\"gem-textbox-inner\" style=\"\"><div class=\"gem-textbox-content\" style=\"background-color: #f0f3f2;background-repeat: no-repeat; background-size: cover;background-position: center top;padding-top: 2px;padding-bottom: 15px;padding-left: 0px;padding-right: 0px;\">[vc_single_image image=&#8221;36401&#8243; img_size=&#8221;full&#8221;]<div class=\"clearboth\"><\/div><div class=\"gem-divider \" style=\"\"><\/div>[vc_column_text]Gal\u00e9ria 2018 &#8211; 17. \u00e9vad[\/vc_column_text]<div class=\"clearboth\"><\/div><div class=\"gem-divider \" style=\"margin-top: -9px;\"><\/div><div class=\"gem-button-container gem-button-position-center\"><a class=\"gem-button gem-button-size-tiny gem-button-style-outline gem-button-text-weight-normal gem-button-border-2\" style=\"border-radius: 0px;border-color: #f3a512;color: #f3a512;\" onmouseleave=\"this.style.borderColor='#f3a512';this.style.backgroundColor='transparent';this.style.color='#f3a512';\" onmouseenter=\"this.style.borderColor='#e2001a';this.style.backgroundColor='#e2001a';this.style.color='#ffffff';\" href=\"https:\/\/gastrofest.sk\/hu\/fotogaleria\/ev-2018\/\" target=\"_self\">Megtekint<\/a><\/div> <\/div><\/div><\/div>[\/vc_column][vc_column width=&#8221;1\/3&#8243;]<div class=\"gem-textbox centered-box\" ><div class=\"gem-textbox-top gem-textbox-top-note-1\"><svg width=\"100%\" height=\"31\" style=\"fill: #f0f3f2;\"><defs><pattern id=\"pattern-1776561698-58\" x=\"11\" y=\"0\" width=\"23\" height=\"32\" patternUnits=\"userSpaceOnUse\" ><path d=\"M20,9h3V0H0v9h3c2.209,0,4,1.791,4,4v6c0,2.209-1.791,4-4,4H0v9h23v-9h-3c-2.209,0-4-1.791-4-4v-6C16,10.791,17.791,9,20,9z\" \/><\/pattern><\/defs><rect x=\"0\" y=\"0\" width=\"100%\" height=\"32\" style=\"fill: url(#pattern-1776561698-58);\" \/><\/svg><\/div><div class=\"gem-textbox-inner\" style=\"\"><div class=\"gem-textbox-content\" style=\"background-color: #f0f3f2;background-repeat: no-repeat; background-size: cover;background-position: center top;padding-top: 2px;padding-bottom: 15px;padding-left: 0px;padding-right: 0px;\">[vc_single_image image=&#8221;34690&#8243; img_size=&#8221;full&#8221;]<div class=\"clearboth\"><\/div><div class=\"gem-divider \" style=\"\"><\/div>[vc_column_text]Gal\u00e9ria 2017 &#8211; 16. \u00e9vad[\/vc_column_text]<div class=\"clearboth\"><\/div><div class=\"gem-divider \" style=\"margin-top: -9px;\"><\/div><div class=\"gem-button-container gem-button-position-center\"><a class=\"gem-button gem-button-size-tiny gem-button-style-outline gem-button-text-weight-normal gem-button-border-2\" style=\"border-radius: 0px;border-color: #f3a512;color: #f3a512;\" onmouseleave=\"this.style.borderColor='#f3a512';this.style.backgroundColor='transparent';this.style.color='#f3a512';\" onmouseenter=\"this.style.borderColor='#e2001a';this.style.backgroundColor='#e2001a';this.style.color='#ffffff';\" href=\"https:\/\/gastrofest.sk\/hu\/fotogaleria\/ev-2017\/\" target=\"_self\">Megtekint<\/a><\/div> <\/div><\/div><\/div>[\/vc_column][vc_column width=&#8221;1\/3&#8243;]<div class=\"gem-textbox centered-box\" ><div class=\"gem-textbox-top gem-textbox-top-note-1\"><svg width=\"100%\" height=\"31\" style=\"fill: #f0f3f2;\"><defs><pattern id=\"pattern-1776561698-26\" x=\"11\" y=\"0\" width=\"23\" height=\"32\" patternUnits=\"userSpaceOnUse\" ><path d=\"M20,9h3V0H0v9h3c2.209,0,4,1.791,4,4v6c0,2.209-1.791,4-4,4H0v9h23v-9h-3c-2.209,0-4-1.791-4-4v-6C16,10.791,17.791,9,20,9z\" \/><\/pattern><\/defs><rect x=\"0\" y=\"0\" width=\"100%\" height=\"32\" style=\"fill: url(#pattern-1776561698-26);\" \/><\/svg><\/div><div class=\"gem-textbox-inner\" style=\"\"><div class=\"gem-textbox-content\" style=\"background-color: #f0f3f2;background-repeat: no-repeat; background-size: cover;background-position: center top;padding-top: 2px;padding-bottom: 15px;padding-left: 0px;padding-right: 0px;\">[vc_single_image image=&#8221;30200&#8243; img_size=&#8221;full&#8221;]<div class=\"clearboth\"><\/div><div class=\"gem-divider \" style=\"\"><\/div>[vc_column_text]Gal\u00e9ria 2016 &#8211; 15. \u00e9vad[\/vc_column_text]<div class=\"clearboth\"><\/div><div class=\"gem-divider \" style=\"margin-top: -9px;\"><\/div><div class=\"gem-button-container gem-button-position-center\"><a class=\"gem-button gem-button-size-tiny gem-button-style-outline gem-button-text-weight-normal gem-button-border-2\" style=\"border-radius: 0px;border-color: #f3a512;color: #f3a512;\" onmouseleave=\"this.style.borderColor='#f3a512';this.style.backgroundColor='transparent';this.style.color='#f3a512';\" onmouseenter=\"this.style.borderColor='#e2001a';this.style.backgroundColor='#e2001a';this.style.color='#ffffff';\" href=\"https:\/\/gastrofest.sk\/hu\/galeria\/ev-2016\/\" target=\"_self\">Megtekint<\/a><\/div> <\/div><\/div><\/div>[\/vc_column][vc_column width=&#8221;1\/3&#8243;]<div class=\"gem-textbox centered-box\" ><div class=\"gem-textbox-top gem-textbox-top-note-1\"><svg width=\"100%\" height=\"31\" style=\"fill: #f0f3f2;\"><defs><pattern id=\"pattern-1776561698-77\" x=\"11\" y=\"0\" width=\"23\" height=\"32\" patternUnits=\"userSpaceOnUse\" ><path d=\"M20,9h3V0H0v9h3c2.209,0,4,1.791,4,4v6c0,2.209-1.791,4-4,4H0v9h23v-9h-3c-2.209,0-4-1.791-4-4v-6C16,10.791,17.791,9,20,9z\" \/><\/pattern><\/defs><rect x=\"0\" y=\"0\" width=\"100%\" height=\"32\" style=\"fill: url(#pattern-1776561698-77);\" \/><\/svg><\/div><div class=\"gem-textbox-inner\" style=\"\"><div class=\"gem-textbox-content\" style=\"background-color: #f0f3f2;background-repeat: no-repeat; background-size: cover;background-position: center top;padding-top: 2px;padding-bottom: 15px;padding-left: 0px;padding-right: 0px;\">[vc_single_image image=&#8221;26541&#8243; img_size=&#8221;full&#8221;]<div class=\"clearboth\"><\/div><div class=\"gem-divider \" style=\"\"><\/div>[vc_column_text]Gal\u00e9ria 2015 &#8211; 14. \u00e9vad[\/vc_column_text]<div class=\"clearboth\"><\/div><div class=\"gem-divider \" style=\"margin-top: -9px;\"><\/div><div class=\"gem-button-container gem-button-position-center\"><a class=\"gem-button gem-button-size-tiny gem-button-style-outline gem-button-text-weight-normal gem-button-border-2\" style=\"border-radius: 0px;border-color: #f3a512;color: #f3a512;\" onmouseleave=\"this.style.borderColor='#f3a512';this.style.backgroundColor='transparent';this.style.color='#f3a512';\" onmouseenter=\"this.style.borderColor='#e2001a';this.style.backgroundColor='#e2001a';this.style.color='#ffffff';\" href=\"https:\/\/gastrofest.sk\/hu\/galeria\/ev-2015\/\" target=\"_self\">Megtekint<\/a><\/div> <\/div><\/div><\/div>[\/vc_column][vc_column width=&#8221;1\/3&#8243;]<div class=\"gem-textbox centered-box\" ><div class=\"gem-textbox-top gem-textbox-top-note-1\"><svg width=\"100%\" height=\"31\" style=\"fill: #f0f3f2;\"><defs><pattern id=\"pattern-1776561698-4\" x=\"11\" y=\"0\" width=\"23\" height=\"32\" patternUnits=\"userSpaceOnUse\" ><path d=\"M20,9h3V0H0v9h3c2.209,0,4,1.791,4,4v6c0,2.209-1.791,4-4,4H0v9h23v-9h-3c-2.209,0-4-1.791-4-4v-6C16,10.791,17.791,9,20,9z\" \/><\/pattern><\/defs><rect x=\"0\" y=\"0\" width=\"100%\" height=\"32\" style=\"fill: url(#pattern-1776561698-4);\" \/><\/svg><\/div><div class=\"gem-textbox-inner\" style=\"\"><div class=\"gem-textbox-content\" style=\"background-color: #f0f3f2;background-repeat: no-repeat; background-size: cover;background-position: center top;padding-top: 2px;padding-bottom: 15px;padding-left: 0px;padding-right: 0px;\">[vc_single_image image=&#8221;26672&#8243; img_size=&#8221;full&#8221;]<div class=\"clearboth\"><\/div><div class=\"gem-divider \" style=\"\"><\/div>[vc_column_text]Gal\u00e9ria 2014 &#8211; 13. \u00e9vad[\/vc_column_text]<div class=\"clearboth\"><\/div><div class=\"gem-divider \" style=\"margin-top: -9px;\"><\/div><div class=\"gem-button-container gem-button-position-center\"><a title=\"\u00c9v 2014\" class=\"gem-button gem-button-size-tiny gem-button-style-outline gem-button-text-weight-normal gem-button-border-2\" style=\"border-radius: 0px;border-color: #f3a512;color: #f3a512;\" onmouseleave=\"this.style.borderColor='#f3a512';this.style.backgroundColor='transparent';this.style.color='#f3a512';\" onmouseenter=\"this.style.borderColor='#e2001a';this.style.backgroundColor='#e2001a';this.style.color='#ffffff';\" href=\"https:\/\/gastrofest.sk\/hu\/fotogaleria\/ev-2014\/\" target=\"_self\">Megtekint<\/a><\/div> <\/div><\/div><\/div>[\/vc_column][vc_column width=&#8221;1\/3&#8243;]<div class=\"gem-textbox centered-box\" ><div class=\"gem-textbox-top gem-textbox-top-note-1\"><svg width=\"100%\" height=\"31\" style=\"fill: #f0f3f2;\"><defs><pattern id=\"pattern-1776561698-28\" x=\"11\" y=\"0\" width=\"23\" height=\"32\" patternUnits=\"userSpaceOnUse\" ><path d=\"M20,9h3V0H0v9h3c2.209,0,4,1.791,4,4v6c0,2.209-1.791,4-4,4H0v9h23v-9h-3c-2.209,0-4-1.791-4-4v-6C16,10.791,17.791,9,20,9z\" \/><\/pattern><\/defs><rect x=\"0\" y=\"0\" width=\"100%\" height=\"32\" style=\"fill: url(#pattern-1776561698-28);\" \/><\/svg><\/div><div class=\"gem-textbox-inner\" style=\"\"><div class=\"gem-textbox-content\" style=\"background-color: #f0f3f2;background-repeat: no-repeat; background-size: cover;background-position: center top;padding-top: 2px;padding-bottom: 15px;padding-left: 0px;padding-right: 0px;\">[vc_single_image image=&#8221;26744&#8243; img_size=&#8221;full&#8221;]<div class=\"clearboth\"><\/div><div class=\"gem-divider \" style=\"\"><\/div>[vc_column_text]Gal\u00e9ria 2013 &#8211; 12. \u00e9vad[\/vc_column_text]<div class=\"clearboth\"><\/div><div class=\"gem-divider \" style=\"margin-top: -9px;\"><\/div><div class=\"gem-button-container gem-button-position-center\"><a class=\"gem-button gem-button-size-tiny gem-button-style-outline gem-button-text-weight-normal gem-button-border-2\" style=\"border-radius: 0px;border-color: #f3a512;color: #f3a512;\" onmouseleave=\"this.style.borderColor='#f3a512';this.style.backgroundColor='transparent';this.style.color='#f3a512';\" onmouseenter=\"this.style.borderColor='#e2001a';this.style.backgroundColor='#e2001a';this.style.color='#ffffff';\" href=\"https:\/\/gastrofest.sk\/hu\/galeria\/ev-2013\/\" target=\"_self\">Megtekint<\/a><\/div> <\/div><\/div><\/div>[\/vc_column][vc_column width=&#8221;1\/3&#8243;]<div class=\"gem-textbox centered-box\" ><div class=\"gem-textbox-top gem-textbox-top-note-1\"><svg width=\"100%\" height=\"31\" style=\"fill: #f0f3f2;\"><defs><pattern id=\"pattern-1776561698-100\" x=\"11\" y=\"0\" width=\"23\" height=\"32\" patternUnits=\"userSpaceOnUse\" ><path d=\"M20,9h3V0H0v9h3c2.209,0,4,1.791,4,4v6c0,2.209-1.791,4-4,4H0v9h23v-9h-3c-2.209,0-4-1.791-4-4v-6C16,10.791,17.791,9,20,9z\" \/><\/pattern><\/defs><rect x=\"0\" y=\"0\" width=\"100%\" height=\"32\" style=\"fill: url(#pattern-1776561698-100);\" \/><\/svg><\/div><div class=\"gem-textbox-inner\" style=\"\"><div class=\"gem-textbox-content\" style=\"background-color: #f0f3f2;background-repeat: no-repeat; background-size: cover;background-position: center top;padding-top: 2px;padding-bottom: 15px;padding-left: 0px;padding-right: 0px;\">[vc_single_image image=&#8221;26937&#8243; img_size=&#8221;full&#8221;]<div class=\"clearboth\"><\/div><div class=\"gem-divider \" style=\"\"><\/div>[vc_column_text]Gal\u00e9ria 2012 &#8211; 11. \u00e9vad[\/vc_column_text]<div class=\"clearboth\"><\/div><div class=\"gem-divider \" style=\"margin-top: -9px;\"><\/div><div class=\"gem-button-container gem-button-position-center\"><a class=\"gem-button gem-button-size-tiny gem-button-style-outline gem-button-text-weight-normal gem-button-border-2\" style=\"border-radius: 0px;border-color: #f3a512;color: #f3a512;\" onmouseleave=\"this.style.borderColor='#f3a512';this.style.backgroundColor='transparent';this.style.color='#f3a512';\" onmouseenter=\"this.style.borderColor='#e2001a';this.style.backgroundColor='#e2001a';this.style.color='#ffffff';\" href=\"https:\/\/gastrofest.sk\/hu\/galeria\/ev-2012\/\" target=\"_self\">Megtekint<\/a><\/div> <\/div><\/div><\/div>[\/vc_column][vc_column width=&#8221;1\/3&#8243;]<div class=\"gem-textbox centered-box\" ><div class=\"gem-textbox-top gem-textbox-top-note-1\"><svg width=\"100%\" height=\"31\" style=\"fill: #f0f3f2;\"><defs><pattern id=\"pattern-1776561698-35\" x=\"11\" y=\"0\" width=\"23\" height=\"32\" patternUnits=\"userSpaceOnUse\" ><path d=\"M20,9h3V0H0v9h3c2.209,0,4,1.791,4,4v6c0,2.209-1.791,4-4,4H0v9h23v-9h-3c-2.209,0-4-1.791-4-4v-6C16,10.791,17.791,9,20,9z\" \/><\/pattern><\/defs><rect x=\"0\" y=\"0\" width=\"100%\" height=\"32\" style=\"fill: url(#pattern-1776561698-35);\" \/><\/svg><\/div><div class=\"gem-textbox-inner\" style=\"\"><div class=\"gem-textbox-content\" style=\"background-color: #f0f3f2;background-repeat: no-repeat; background-size: cover;background-position: center top;padding-top: 2px;padding-bottom: 15px;padding-left: 0px;padding-right: 0px;\">[vc_single_image image=&#8221;27669&#8243; img_size=&#8221;full&#8221;]<div class=\"clearboth\"><\/div><div class=\"gem-divider \" style=\"\"><\/div>[vc_column_text]Gal\u00e9ria 2010 &#8211; 9. \u00e9vad[\/vc_column_text]<div class=\"clearboth\"><\/div><div class=\"gem-divider \" style=\"margin-top: -9px;\"><\/div><div class=\"gem-button-container gem-button-position-center\"><a class=\"gem-button gem-button-size-tiny gem-button-style-outline gem-button-text-weight-normal gem-button-border-2\" style=\"border-radius: 0px;border-color: #f3a512;color: #f3a512;\" onmouseleave=\"this.style.borderColor='#f3a512';this.style.backgroundColor='transparent';this.style.color='#f3a512';\" onmouseenter=\"this.style.borderColor='#e2001a';this.style.backgroundColor='#e2001a';this.style.color='#ffffff';\" href=\"https:\/\/gastrofest.sk\/hu\/galeria\/ev-2010\/\" target=\"_self\">Megtekint<\/a><\/div> <\/div><\/div><\/div>[\/vc_column][vc_column width=&#8221;1\/3&#8243;]<div class=\"gem-textbox centered-box\" ><div class=\"gem-textbox-top gem-textbox-top-note-1\"><svg width=\"100%\" height=\"31\" style=\"fill: #f0f3f2;\"><defs><pattern id=\"pattern-1776561698-90\" x=\"11\" y=\"0\" width=\"23\" height=\"32\" patternUnits=\"userSpaceOnUse\" ><path d=\"M20,9h3V0H0v9h3c2.209,0,4,1.791,4,4v6c0,2.209-1.791,4-4,4H0v9h23v-9h-3c-2.209,0-4-1.791-4-4v-6C16,10.791,17.791,9,20,9z\" \/><\/pattern><\/defs><rect x=\"0\" y=\"0\" width=\"100%\" height=\"32\" style=\"fill: url(#pattern-1776561698-90);\" \/><\/svg><\/div><div class=\"gem-textbox-inner\" style=\"\"><div class=\"gem-textbox-content\" style=\"background-color: #f0f3f2;background-repeat: no-repeat; background-size: cover;background-position: center top;padding-top: 2px;padding-bottom: 15px;padding-left: 0px;padding-right: 0px;\">[vc_single_image image=&#8221;27858&#8243; img_size=&#8221;full&#8221;]<div class=\"clearboth\"><\/div><div class=\"gem-divider \" style=\"\"><\/div>[vc_column_text]Gal\u00e9ria 2009 &#8211; 8. \u00e9vad[\/vc_column_text]<div class=\"clearboth\"><\/div><div class=\"gem-divider \" style=\"margin-top: -9px;\"><\/div><div class=\"gem-button-container gem-button-position-center\"><a class=\"gem-button gem-button-size-tiny gem-button-style-outline gem-button-text-weight-normal gem-button-border-2\" style=\"border-radius: 0px;border-color: #f3a512;color: #f3a512;\" onmouseleave=\"this.style.borderColor='#f3a512';this.style.backgroundColor='transparent';this.style.color='#f3a512';\" onmouseenter=\"this.style.borderColor='#e2001a';this.style.backgroundColor='#e2001a';this.style.color='#ffffff';\" href=\"https:\/\/gastrofest.sk\/hu\/galeria\/ev-2009\/\" target=\"_self\">Megtekint<\/a><\/div> <\/div><\/div><\/div>[\/vc_column][\/vc_row]<\/p>\n","protected":false},"excerpt":{"rendered":"<p>[vc_row css=&#8221;.vc_custom_1490632053305{margin-bottom: 0px !important;padding-top: 100px !important;padding-bottom: 100px !important;}&#8221;][vc_column width=&#8221;1\/3&#8243;][\/vc_column][vc_column width=&#8221;1\/3&#8243;][\/vc_column][vc_column width=&#8221;1\/3&#8243;][\/vc_column][vc_column width=&#8221;1\/3&#8243;][\/vc_column][vc_column width=&#8221;1\/3&#8243;][\/vc_column][vc_column width=&#8221;1\/3&#8243;][\/vc_column][vc_column width=&#8221;1\/3&#8243;][\/vc_column][vc_column width=&#8221;1\/3&#8243;][\/vc_column][vc_column width=&#8221;1\/3&#8243;][\/vc_column][\/vc_row]<\/p>\n","protected":false},"author":1,"featured_media":0,"parent":0,"menu_order":0,"comment_status":"closed","ping_status":"closed","template":"","meta":{"_monsterinsights_skip_tracking":false,"_monsterinsights_sitenote_active":false,"_monsterinsights_sitenote_note":"","_monsterinsights_sitenote_category":0,"footnotes":""},"class_list":["post-30580","page","type-page","status-publish","hentry"],"yoast_head":"<!-- This site is optimized with the Yoast SEO plugin v24.8.1 - https:\/\/yoast.com\/wordpress\/plugins\/seo\/ -->\n<title>Fot\u00f3gal\u00e9ria | Gastrofest<\/title>\n<meta name=\"robots\" content=\"index, follow, max-snippet:-1, max-image-preview:large, max-video-preview:-1\" \/>\n<link rel=\"canonical\" href=\"https:\/\/gastrofest.sk\/hu\/fotogaleria\/\" \/>\n<meta property=\"og:locale\" content=\"hu_HU\" \/>\n<meta property=\"og:type\" content=\"article\" \/>\n<meta property=\"og:title\" content=\"Fot\u00f3gal\u00e9ria | Gastrofest\" \/>\n<meta property=\"og:description\" content=\"[vc_row css=&#8221;.vc_custom_1490632053305{margin-bottom: 0px !important;padding-top: 100px !important;padding-bottom: 100px !important;}&#8221;][vc_column width=&#8221;1\/3&#8243;][\/vc_column][vc_column width=&#8221;1\/3&#8243;][\/vc_column][vc_column width=&#8221;1\/3&#8243;][\/vc_column][vc_column width=&#8221;1\/3&#8243;][\/vc_column][vc_column width=&#8221;1\/3&#8243;][\/vc_column][vc_column width=&#8221;1\/3&#8243;][\/vc_column][vc_column width=&#8221;1\/3&#8243;][\/vc_column][vc_column width=&#8221;1\/3&#8243;][\/vc_column][vc_column width=&#8221;1\/3&#8243;][\/vc_column][\/vc_row]\" \/>\n<meta property=\"og:url\" content=\"https:\/\/gastrofest.sk\/hu\/fotogaleria\/\" \/>\n<meta property=\"og:site_name\" content=\"Gastrofest\" \/>\n<meta property=\"article:publisher\" content=\"https:\/\/www.facebook.com\/gastrofest\/\" \/>\n<meta property=\"article:modified_time\" content=\"2025-04-09T08:46:46+00:00\" \/>\n<meta name=\"twitter:card\" content=\"summary_large_image\" \/>\n<meta name=\"twitter:label1\" content=\"Becs\u00fclt olvas\u00e1si id\u0151\" \/>\n\t<meta name=\"twitter:data1\" content=\"5 perc\" \/>\n<script type=\"application\/ld+json\" class=\"yoast-schema-graph\">{\"@context\":\"https:\/\/schema.org\",\"@graph\":[{\"@type\":\"WebPage\",\"@id\":\"https:\/\/gastrofest.sk\/hu\/fotogaleria\/\",\"url\":\"https:\/\/gastrofest.sk\/hu\/fotogaleria\/\",\"name\":\"Fot\u00f3gal\u00e9ria | Gastrofest\",\"isPartOf\":{\"@id\":\"https:\/\/gastrofest.sk\/#website\"},\"datePublished\":\"2017-03-27T16:30:08+00:00\",\"dateModified\":\"2025-04-09T08:46:46+00:00\",\"breadcrumb\":{\"@id\":\"https:\/\/gastrofest.sk\/hu\/fotogaleria\/#breadcrumb\"},\"inLanguage\":\"hu\",\"potentialAction\":[{\"@type\":\"ReadAction\",\"target\":[\"https:\/\/gastrofest.sk\/hu\/fotogaleria\/\"]}]},{\"@type\":\"BreadcrumbList\",\"@id\":\"https:\/\/gastrofest.sk\/hu\/fotogaleria\/#breadcrumb\",\"itemListElement\":[{\"@type\":\"ListItem\",\"position\":1,\"name\":\"Home\",\"item\":\"https:\/\/gastrofest.sk\/hu\/\"},{\"@type\":\"ListItem\",\"position\":2,\"name\":\"Fot\u00f3gal\u00e9ria\"}]},{\"@type\":\"WebSite\",\"@id\":\"https:\/\/gastrofest.sk\/#website\",\"url\":\"https:\/\/gastrofest.sk\/\",\"name\":\"Gastrofest\",\"description\":\"Megapiknik na zjedenie, pr\u00ed\u010f a ochutnaj!\",\"publisher\":{\"@id\":\"https:\/\/gastrofest.sk\/#organization\"},\"potentialAction\":[{\"@type\":\"SearchAction\",\"target\":{\"@type\":\"EntryPoint\",\"urlTemplate\":\"https:\/\/gastrofest.sk\/?s={search_term_string}\"},\"query-input\":{\"@type\":\"PropertyValueSpecification\",\"valueRequired\":true,\"valueName\":\"search_term_string\"}}],\"inLanguage\":\"hu\"},{\"@type\":\"Organization\",\"@id\":\"https:\/\/gastrofest.sk\/#organization\",\"name\":\"SITI s.r.o.\",\"url\":\"https:\/\/gastrofest.sk\/\",\"logo\":{\"@type\":\"ImageObject\",\"inLanguage\":\"hu\",\"@id\":\"https:\/\/gastrofest.sk\/#\/schema\/logo\/image\/\",\"url\":\"https:\/\/gastrofest.sk\/wp-content\/uploads\/2017\/03\/header_logo_old.png\",\"contentUrl\":\"https:\/\/gastrofest.sk\/wp-content\/uploads\/2017\/03\/header_logo_old.png\",\"width\":722,\"height\":299,\"caption\":\"SITI s.r.o.\"},\"image\":{\"@id\":\"https:\/\/gastrofest.sk\/#\/schema\/logo\/image\/\"},\"sameAs\":[\"https:\/\/www.facebook.com\/gastrofest\/\",\"https:\/\/www.instagram.com\/gastrofest.sk\/\",\"https:\/\/www.youtube.com\/channel\/UCQmTHNIgmiaJvc0T-BrA03A\"]}]}<\/script>\n<!-- \/ Yoast SEO plugin. -->","yoast_head_json":{"title":"Fot\u00f3gal\u00e9ria | Gastrofest","robots":{"index":"index","follow":"follow","max-snippet":"max-snippet:-1","max-image-preview":"max-image-preview:large","max-video-preview":"max-video-preview:-1"},"canonical":"https:\/\/gastrofest.sk\/hu\/fotogaleria\/","og_locale":"hu_HU","og_type":"article","og_title":"Fot\u00f3gal\u00e9ria | Gastrofest","og_description":"[vc_row css=&#8221;.vc_custom_1490632053305{margin-bottom: 0px !important;padding-top: 100px !important;padding-bottom: 100px !important;}&#8221;][vc_column width=&#8221;1\/3&#8243;][\/vc_column][vc_column width=&#8221;1\/3&#8243;][\/vc_column][vc_column width=&#8221;1\/3&#8243;][\/vc_column][vc_column width=&#8221;1\/3&#8243;][\/vc_column][vc_column width=&#8221;1\/3&#8243;][\/vc_column][vc_column width=&#8221;1\/3&#8243;][\/vc_column][vc_column width=&#8221;1\/3&#8243;][\/vc_column][vc_column width=&#8221;1\/3&#8243;][\/vc_column][vc_column width=&#8221;1\/3&#8243;][\/vc_column][\/vc_row]","og_url":"https:\/\/gastrofest.sk\/hu\/fotogaleria\/","og_site_name":"Gastrofest","article_publisher":"https:\/\/www.facebook.com\/gastrofest\/","article_modified_time":"2025-04-09T08:46:46+00:00","twitter_card":"summary_large_image","twitter_misc":{"Becs\u00fclt olvas\u00e1si id\u0151":"5 perc"},"schema":{"@context":"https:\/\/schema.org","@graph":[{"@type":"WebPage","@id":"https:\/\/gastrofest.sk\/hu\/fotogaleria\/","url":"https:\/\/gastrofest.sk\/hu\/fotogaleria\/","name":"Fot\u00f3gal\u00e9ria | Gastrofest","isPartOf":{"@id":"https:\/\/gastrofest.sk\/#website"},"datePublished":"2017-03-27T16:30:08+00:00","dateModified":"2025-04-09T08:46:46+00:00","breadcrumb":{"@id":"https:\/\/gastrofest.sk\/hu\/fotogaleria\/#breadcrumb"},"inLanguage":"hu","potentialAction":[{"@type":"ReadAction","target":["https:\/\/gastrofest.sk\/hu\/fotogaleria\/"]}]},{"@type":"BreadcrumbList","@id":"https:\/\/gastrofest.sk\/hu\/fotogaleria\/#breadcrumb","itemListElement":[{"@type":"ListItem","position":1,"name":"Home","item":"https:\/\/gastrofest.sk\/hu\/"},{"@type":"ListItem","position":2,"name":"Fot\u00f3gal\u00e9ria"}]},{"@type":"WebSite","@id":"https:\/\/gastrofest.sk\/#website","url":"https:\/\/gastrofest.sk\/","name":"Gastrofest","description":"Megapiknik na zjedenie, pr\u00ed\u010f a ochutnaj!","publisher":{"@id":"https:\/\/gastrofest.sk\/#organization"},"potentialAction":[{"@type":"SearchAction","target":{"@type":"EntryPoint","urlTemplate":"https:\/\/gastrofest.sk\/?s={search_term_string}"},"query-input":{"@type":"PropertyValueSpecification","valueRequired":true,"valueName":"search_term_string"}}],"inLanguage":"hu"},{"@type":"Organization","@id":"https:\/\/gastrofest.sk\/#organization","name":"SITI s.r.o.","url":"https:\/\/gastrofest.sk\/","logo":{"@type":"ImageObject","inLanguage":"hu","@id":"https:\/\/gastrofest.sk\/#\/schema\/logo\/image\/","url":"https:\/\/gastrofest.sk\/wp-content\/uploads\/2017\/03\/header_logo_old.png","contentUrl":"https:\/\/gastrofest.sk\/wp-content\/uploads\/2017\/03\/header_logo_old.png","width":722,"height":299,"caption":"SITI s.r.o."},"image":{"@id":"https:\/\/gastrofest.sk\/#\/schema\/logo\/image\/"},"sameAs":["https:\/\/www.facebook.com\/gastrofest\/","https:\/\/www.instagram.com\/gastrofest.sk\/","https:\/\/www.youtube.com\/channel\/UCQmTHNIgmiaJvc0T-BrA03A"]}]}},"_links":{"self":[{"href":"https:\/\/gastrofest.sk\/hu\/wp-json\/wp\/v2\/pages\/30580"}],"collection":[{"href":"https:\/\/gastrofest.sk\/hu\/wp-json\/wp\/v2\/pages"}],"about":[{"href":"https:\/\/gastrofest.sk\/hu\/wp-json\/wp\/v2\/types\/page"}],"author":[{"embeddable":true,"href":"https:\/\/gastrofest.sk\/hu\/wp-json\/wp\/v2\/users\/1"}],"replies":[{"embeddable":true,"href":"https:\/\/gastrofest.sk\/hu\/wp-json\/wp\/v2\/comments?post=30580"}],"version-history":[{"count":0,"href":"https:\/\/gastrofest.sk\/hu\/wp-json\/wp\/v2\/pages\/30580\/revisions"}],"wp:attachment":[{"href":"https:\/\/gastrofest.sk\/hu\/wp-json\/wp\/v2\/media?parent=30580"}],"curies":[{"name":"wp","href":"https:\/\/api.w.org\/{rel}","templated":true}]}}