{"id":30607,"date":"2017-03-28T22:38:45","date_gmt":"2017-03-28T20:38:45","guid":{"rendered":"https:\/\/gastrofest.sk\/?page_id=30607\/"},"modified":"2023-05-21T12:52:52","modified_gmt":"2023-05-21T10:52:52","slug":"elerhetosegeink","status":"publish","type":"page","link":"https:\/\/gastrofest.sk\/hu\/elerhetosegeink\/","title":{"rendered":"El\u00e9rhet\u0151s\u00e9geink"},"content":{"rendered":"<p>[vc_row css=&#8221;.vc_custom_1454676470173{margin-bottom: -28px !important;}&#8221;][vc_column css=&#8221;.vc_custom_1454676416739{margin-bottom: 0px !important;}&#8221;]<div id=\"fullwidth-block-69e41532945be\" class=\"fullwidth-block clearfix\"  style=\"\"><script type=\"text\/javascript\">if (typeof(gem_fix_fullwidth_position) == \"function\") { gem_fix_fullwidth_position(document.getElementById(\"fullwidth-block-69e41532945be\")); }<\/script><div class=\"fullwidth-block-inner\"><div class=\"gem-map-with-text\"><div class=\"gem-map-with-text-content\" style=\"background-color: rgba(243,165,18,0.78);\"><div class=\"container\"><div class=\"clearboth\"><\/div><div class=\"gem-divider \" style=\"margin-top: 30px;\"><\/div>[vc_row_inner][vc_column_inner el_class=&#8221;no-inner-padding&#8221; width=&#8221;1\/4&#8243;]<div class=\"gem-icon-with-text gem-icon-with-text-icon-size-medium\"><div style=\"margin-bottom:0px;padding-right: 30px;margin-top:0px; \" class=\"gem-icon-with-text-icon\"><div class=\"gem-icon gem-icon-pack-material gem-icon-size-medium  gem-icon-shape-square gem-simple-icon\" style=\"opacity: 1;\"><div class=\"gem-icon-inner\" style=\"\"><span class=\"gem-icon-half-1\" style=\"color: #ffffff;\"><span class=\"back-angle\">&#xf3e5;<\/span><\/span><span class=\"gem-icon-half-2\" style=\"color: #ffffff;\"><span class=\"back-angle\">&#xf3e5;<\/span><\/span><\/div><\/div><\/div><div class=\"gem-icon-with-text-content\" ><div class=\"gem-icon-with-text-text\">[vc_column_text]<\/p>\n<div class=\"title-h4\" style=\"color: #333;\">c\u00edm<\/div>\n<p>[\/vc_column_text][vc_column_text]<span style=\"color: #ffffff;\">Oaza Camp Komo\u010da<\/span><br \/>\n<span style=\"color: #ffffff;\">941 21 Komo\u010da<\/span><\/p>\n<p><span style=\"color: #fff;\">Infolinka: <a style=\"color: #333; white-space: nowrap;\" href=\"tel:00421918749233\">+421 (0) 918 749 233<\/a><\/span><br \/>\n<span style=\"color: #fff;\">E-mail: <a style=\"color: #333;\" href=\"mailto:info@gastrofest.sk\">info@gastrofest.sk<\/a><\/span>[\/vc_column_text]<\/div><\/div><div class=\"clearboth\"><\/div><\/div>[\/vc_column_inner][vc_column_inner width=&#8221;1\/4&#8243;]<div class=\"gem-icon-with-text gem-icon-with-text-icon-size-medium\"><div style=\"margin-bottom:0px;padding-right: 30px;margin-top:0px; \" class=\"gem-icon-with-text-icon\"><div class=\"gem-icon gem-icon-pack-material gem-icon-size-medium  gem-icon-shape-square gem-simple-icon\" style=\"opacity: 1;\"><div class=\"gem-icon-inner\" style=\"\"><span class=\"gem-icon-half-1\" style=\"color: #ffffff;\"><span class=\"back-angle\">&#xf217;<\/span><\/span><span class=\"gem-icon-half-2\" style=\"color: #ffffff;\"><span class=\"back-angle\">&#xf217;<\/span><\/span><\/div><\/div><\/div><div class=\"gem-icon-with-text-content\" ><div class=\"gem-icon-with-text-text\">[vc_column_text]<\/p>\n<div class=\"title-h4\" style=\"color: #333;\">szervez\u0151<\/div>\n<p>[\/vc_column_text][vc_column_text]<span style=\"color: #ffffff;\">Ob\u010dianske zdru\u017eenie-O\u00c1ZA Komo\u010da<\/span><br \/>\n<span style=\"color: #ffffff;\">941 21 Komo\u010da 231<\/span><\/p>\n<p><span style=\"color: #ffffff;\">I\u010cO: <span style=\"color: #333;\">37856871<\/span><\/span><br \/>\n<span style=\"color: #ffffff;\">DI\u010c: <span style=\"color: #333;\">2022167697<\/span><\/span>[\/vc_column_text]<\/div><\/div><div class=\"clearboth\"><\/div><\/div>[\/vc_column_inner][vc_column_inner width=&#8221;1\/4&#8243;]<div class=\"gem-icon-with-text gem-icon-with-text-icon-size-medium\"><div style=\"margin-bottom:0px;padding-right: 30px;margin-top:0px; \" class=\"gem-icon-with-text-icon\"><div class=\"gem-icon gem-icon-pack-material gem-icon-size-medium  gem-icon-shape-square gem-simple-icon\" style=\"opacity: 1;\"><div class=\"gem-icon-inner\" style=\"\"><span class=\"gem-icon-half-1\" style=\"color: #ffffff;\"><span class=\"back-angle\">&#xf113;<\/span><\/span><span class=\"gem-icon-half-2\" style=\"color: #ffffff;\"><span class=\"back-angle\">&#xf113;<\/span><\/span><\/div><\/div><\/div><div class=\"gem-icon-with-text-content\" ><div class=\"gem-icon-with-text-text\">[vc_column_text]<\/p>\n<div class=\"title-h4\" style=\"color: #333;\">\u00dcgyvezet\u0151<\/div>\n<p>[\/vc_column_text][vc_column_text]<span style=\"color: #ffffff;\">Luk\u00e1cs Tibor<\/span><br \/>\n<a style=\"color: #333;\" href=\"mailto:tibor.lukacs@oazacamp.sk\">tibor.lukacs@oazacamp.sk<\/a>[\/vc_column_text]<\/div><\/div><div class=\"clearboth\"><\/div><\/div>[\/vc_column_inner][vc_column_inner width=&#8221;1\/4&#8243;]<div class=\"gem-icon-with-text gem-icon-with-text-icon-size-medium\"><div style=\"margin-bottom:0px;padding-right: 30px;margin-top:0px; \" class=\"gem-icon-with-text-icon\"><div class=\"gem-icon gem-icon-pack-material gem-icon-size-medium  gem-icon-shape-square gem-simple-icon\" style=\"opacity: 1;\"><div class=\"gem-icon-inner\" style=\"\"><span class=\"gem-icon-half-1\" style=\"color: #ffffff;\"><span class=\"back-angle\">&#xf479;<\/span><\/span><span class=\"gem-icon-half-2\" style=\"color: #ffffff;\"><span class=\"back-angle\">&#xf479;<\/span><\/span><\/div><\/div><\/div><div class=\"gem-icon-with-text-content\" ><div class=\"gem-icon-with-text-text\">[vc_column_text]<\/p>\n<div class=\"title-h4\" style=\"color: #333;\">Kapcsolattart\u00f3<br \/>\n<span class=\"small-body\" style=\"font-size: 65%;\">csapatok r\u00e9sz\u00e9re<\/span><\/div>\n<p>[\/vc_column_text][vc_column_text]<span style=\"color: #ffffff;\">Kond\u00e9 Nagy M\u00f3nika<\/span><br \/>\n<span style=\"color: #ffffff;\">Ing. Luk\u00e1cs Orsolya<\/span><br \/>\n<a style=\"color: #333;\" href=\"mailto:gastrofest@gastrofest.sk\">gastrofest@gastrofest.sk<\/a>[\/vc_column_text]<\/div><\/div><div class=\"clearboth\"><\/div><\/div>[\/vc_column_inner][\/vc_row_inner]<div class=\"clearboth\"><\/div><div class=\"gem-divider \" style=\"margin-top: 12px;\"><\/div><\/div><\/div><div class=\"gem-map-with-text-map grayscale\">[vc_gmaps link=\"#E-8_JTNDaWZyYW1lJTIwc3JjJTNEJTIyaHR0cHMlM0ElMkYlMkZ3d3cuZ29vZ2xlLmNvbSUyRm1hcHMlMkZlbWJlZCUzRnBiJTNEJTIxMW0xOCUyMTFtMTIlMjExbTMlMjExZDM5NDMxLjM3MjQ2MTM3Mjc1JTIxMmQxNy45ODQzMzM2MDEwNzM0NjYlMjEzZDQ3Ljk1MTg3OTExOTk2NjAxNiUyMTJtMyUyMTFmMCUyMTJmMCUyMTNmMCUyMTNtMiUyMTFpMTAyNCUyMTJpNzY4JTIxNGYxMy4xJTIxM20zJTIxMW0yJTIxMXMweDQ3NmIwODA4ZTNkYjBhM2YlMjUzQTB4YmEwN2RiNzc5MzMyODFiZSUyMTJzTyUyNUMzJTI1QTF6YSUyQkNhbXAlMjE1ZTAlMjEzbTIlMjExc3NrJTIxMnNjeiUyMTR2MTQ5MDczMzMxMDMzMSUyMiUyMGhlaWdodCUzRCUyMjg2NSUyMiUyMGZyYW1lYm9yZGVyJTNEJTIyMCUyMiUyMHN0eWxlJTNEJTIyYm9yZGVyJTNBMCUyMiUyMGFsbG93ZnVsbHNjcmVlbiUzRSUzQyUyRmlmcmFtZSUzRQ==\" size=\"911\" disable_scroll=\"1\"]<\/div><\/div><\/div><\/div>[\/vc_column][\/vc_row][vc_row el_id=&#8221;contact-us&#8221; css=&#8221;.vc_custom_1490733724152{margin-bottom: 0px !important;padding-top: 100px !important;padding-bottom: 50px !important;}&#8221;][vc_column][vc_column_text]<\/p>\n<div class=\"title-h1\" style=\"text-align: center;\">K\u00e9rdezz b\u00e1tran!<\/div>\n<p>[\/vc_column_text][vc_empty_space height=&#8221;30px&#8221;][vc_column_text]<\/p>\n<p style=\"text-align: center; max-width: 692px; margin: 0 auto;\"><span style=\"color: #666;\">Hi\u00e1nyzik valamilyen hozz\u00e1val\u00f3, ami a zavartalan fesztiv\u00e1loz\u00e1shoz sz\u00fcks\u00e9ges? \u00cdrj egy r\u00f6vid \u00fczenetet\/receptet, \u00e9s f\u0151szak\u00e1csaink biztosan v\u00e1laszt adnak minden k\u00e9rd\u00e9sedre.<\/span><\/p>\n<p>[\/vc_column_text][vc_empty_space height=&#8221;55px&#8221;][vc_row_inner][vc_column_inner width=&#8221;1\/6&#8243;][\/vc_column_inner][vc_column_inner width=&#8221;4\/6&#8243;]\n<div class=\"wpcf7 no-js\" id=\"wpcf7-f30611-o1\" lang=\"en-US\" dir=\"ltr\" data-wpcf7-id=\"30611\">\n<div class=\"screen-reader-response\"><p role=\"status\" aria-live=\"polite\" aria-atomic=\"true\"><\/p> <ul><\/ul><\/div>\n<form action=\"\/hu\/wp-json\/wp\/v2\/pages\/30607#wpcf7-f30611-o1\" method=\"post\" class=\"wpcf7-form init\" aria-label=\"Contact form\" novalidate=\"novalidate\" data-status=\"init\">\n<div style=\"display: none;\">\n<input type=\"hidden\" name=\"_wpcf7\" value=\"30611\" \/>\n<input type=\"hidden\" name=\"_wpcf7_version\" value=\"6.0.6\" \/>\n<input type=\"hidden\" name=\"_wpcf7_locale\" value=\"en_US\" \/>\n<input type=\"hidden\" name=\"_wpcf7_unit_tag\" value=\"wpcf7-f30611-o1\" \/>\n<input type=\"hidden\" name=\"_wpcf7_container_post\" value=\"0\" \/>\n<input type=\"hidden\" name=\"_wpcf7_posted_data_hash\" value=\"\" \/>\n<\/div>\n<div class=\"contact-form-style-creative\">\n\t<p class=\"col-md-6 cf-creative-name\"><span class=\"wpcf7-form-control-wrap\" data-name=\"your-name\"><input size=\"40\" maxlength=\"400\" class=\"wpcf7-form-control wpcf7-text wpcf7-validates-as-required\" aria-required=\"true\" aria-invalid=\"false\" placeholder=\"N\u00e9v*\" value=\"\" type=\"text\" name=\"your-name\" \/><\/span>\n\t<\/p>\n\t<p class=\"col-md-6 cf-creative-email\"><span class=\"wpcf7-form-control-wrap\" data-name=\"your-email\"><input size=\"40\" maxlength=\"400\" class=\"wpcf7-form-control wpcf7-email wpcf7-validates-as-required wpcf7-text wpcf7-validates-as-email\" aria-required=\"true\" aria-invalid=\"false\" placeholder=\"Email*\" value=\"\" type=\"email\" name=\"your-email\" \/><\/span>\n\t<\/p>\n\t<p class=\"col-md-12 cf-creative-select-box\"><span class=\"wpcf7-form-control-wrap\" data-name=\"interest\"><select class=\"wpcf7-form-control wpcf7-select wpcf7-validates-as-required gem-combobox\" aria-required=\"true\" aria-invalid=\"false\" name=\"interest\"><option value=\"Ebben k\u00e9rek seg\u00edts\u00e9get\">Ebben k\u00e9rek seg\u00edts\u00e9get<\/option><option value=\"Jegyek\">Jegyek<\/option><option value=\"F\u0151z\u0151csapat regisztr\u00e1ci\u00f3ja\">F\u0151z\u0151csapat regisztr\u00e1ci\u00f3ja<\/option><option value=\"Partners\u00e9g\">Partners\u00e9g<\/option><option value=\"Egy\u00e9b\">Egy\u00e9b<\/option><\/select><\/span>\n\t<\/p>\n\t<p class=\"col-md-12 cf-creative-textarea\"><span class=\"wpcf7-form-control-wrap\" data-name=\"message\"><textarea cols=\"40\" rows=\"10\" maxlength=\"2000\" class=\"wpcf7-form-control wpcf7-textarea wpcf7-validates-as-required\" aria-required=\"true\" aria-invalid=\"false\" placeholder=\"\u00dczenet*\" name=\"message\"><\/textarea><\/span>\n\t<\/p>\n\t<p class=\"col-md-12 cf-creative-textarea\">\n\t<span class=\"wpcf7-form-control-wrap recaptcha\" data-name=\"recaptcha\"><span class=\"wpcf7-form-control wpcf7-recaptcha g-recaptcha\"><\/span><\/span>\n\t<\/p>\n\t<p><input class=\"wpcf7-form-control wpcf7-submit has-spinner\" type=\"submit\" value=\"K\u00fcld\u00e9s\" \/>\n\t<\/p>\n<\/div><div class=\"wpcf7-response-output\" aria-hidden=\"true\"><\/div>\n<\/form>\n<\/div>\n[\/vc_column_inner][vc_column_inner width=&#8221;1\/6&#8243;][\/vc_column_inner][\/vc_row_inner][\/vc_column][\/vc_row]<\/p>\n","protected":false},"excerpt":{"rendered":"<p>[vc_row css=&#8221;.vc_custom_1454676470173{margin-bottom: -28px !important;}&#8221;][vc_column css=&#8221;.vc_custom_1454676416739{margin-bottom: 0px !important;}&#8221;][\/vc_column][\/vc_row][vc_row el_id=&#8221;contact-us&#8221; css=&#8221;.vc_custom_1490733724152{margin-bottom: 0px !important;padding-top: 100px !important;padding-bottom: 50px !important;}&#8221;][vc_column][vc_column_text] K\u00e9rdezz b\u00e1tran! [\/vc_column_text][vc_empty_space height=&#8221;30px&#8221;][vc_column_text] Hi\u00e1nyzik&#8230;<\/p>\n","protected":false},"author":1,"featured_media":0,"parent":0,"menu_order":0,"comment_status":"closed","ping_status":"closed","template":"","meta":{"_monsterinsights_skip_tracking":false,"_monsterinsights_sitenote_active":false,"_monsterinsights_sitenote_note":"","_monsterinsights_sitenote_category":0,"footnotes":""},"class_list":["post-30607","page","type-page","status-publish","hentry"],"yoast_head":"<!-- This site is optimized with the Yoast SEO plugin v24.8.1 - https:\/\/yoast.com\/wordpress\/plugins\/seo\/ -->\n<title>El\u00e9rhet\u0151s\u00e9geink | Gastrofest<\/title>\n<meta name=\"robots\" content=\"index, follow, max-snippet:-1, max-image-preview:large, max-video-preview:-1\" \/>\n<link rel=\"canonical\" href=\"https:\/\/gastrofest.sk\/hu\/elerhetosegeink\/\" \/>\n<meta property=\"og:locale\" content=\"hu_HU\" \/>\n<meta property=\"og:type\" content=\"article\" \/>\n<meta property=\"og:title\" content=\"El\u00e9rhet\u0151s\u00e9geink | Gastrofest\" \/>\n<meta property=\"og:description\" content=\"[vc_row css=&#8221;.vc_custom_1454676470173{margin-bottom: -28px !important;}&#8221;][vc_column css=&#8221;.vc_custom_1454676416739{margin-bottom: 0px !important;}&#8221;][\/vc_column][\/vc_row][vc_row el_id=&#8221;contact-us&#8221; css=&#8221;.vc_custom_1490733724152{margin-bottom: 0px !important;padding-top: 100px !important;padding-bottom: 50px !important;}&#8221;][vc_column][vc_column_text] K\u00e9rdezz b\u00e1tran! [\/vc_column_text][vc_empty_space height=&#8221;30px&#8221;][vc_column_text] Hi\u00e1nyzik...\" \/>\n<meta property=\"og:url\" content=\"https:\/\/gastrofest.sk\/hu\/elerhetosegeink\/\" \/>\n<meta property=\"og:site_name\" content=\"Gastrofest\" \/>\n<meta property=\"article:publisher\" content=\"https:\/\/www.facebook.com\/gastrofest\/\" \/>\n<meta property=\"article:modified_time\" content=\"2023-05-21T10:52:52+00:00\" \/>\n<meta name=\"twitter:card\" content=\"summary_large_image\" \/>\n<meta name=\"twitter:label1\" content=\"Becs\u00fclt olvas\u00e1si id\u0151\" \/>\n\t<meta name=\"twitter:data1\" content=\"1 perc\" \/>\n<script type=\"application\/ld+json\" class=\"yoast-schema-graph\">{\"@context\":\"https:\/\/schema.org\",\"@graph\":[{\"@type\":\"WebPage\",\"@id\":\"https:\/\/gastrofest.sk\/hu\/elerhetosegeink\/\",\"url\":\"https:\/\/gastrofest.sk\/hu\/elerhetosegeink\/\",\"name\":\"El\u00e9rhet\u0151s\u00e9geink | Gastrofest\",\"isPartOf\":{\"@id\":\"https:\/\/gastrofest.sk\/#website\"},\"datePublished\":\"2017-03-28T20:38:45+00:00\",\"dateModified\":\"2023-05-21T10:52:52+00:00\",\"breadcrumb\":{\"@id\":\"https:\/\/gastrofest.sk\/hu\/elerhetosegeink\/#breadcrumb\"},\"inLanguage\":\"hu\",\"potentialAction\":[{\"@type\":\"ReadAction\",\"target\":[\"https:\/\/gastrofest.sk\/hu\/elerhetosegeink\/\"]}]},{\"@type\":\"BreadcrumbList\",\"@id\":\"https:\/\/gastrofest.sk\/hu\/elerhetosegeink\/#breadcrumb\",\"itemListElement\":[{\"@type\":\"ListItem\",\"position\":1,\"name\":\"Home\",\"item\":\"https:\/\/gastrofest.sk\/hu\/\"},{\"@type\":\"ListItem\",\"position\":2,\"name\":\"El\u00e9rhet\u0151s\u00e9geink\"}]},{\"@type\":\"WebSite\",\"@id\":\"https:\/\/gastrofest.sk\/#website\",\"url\":\"https:\/\/gastrofest.sk\/\",\"name\":\"Gastrofest\",\"description\":\"Megapiknik na zjedenie, pr\u00ed\u010f a ochutnaj!\",\"publisher\":{\"@id\":\"https:\/\/gastrofest.sk\/#organization\"},\"potentialAction\":[{\"@type\":\"SearchAction\",\"target\":{\"@type\":\"EntryPoint\",\"urlTemplate\":\"https:\/\/gastrofest.sk\/?s={search_term_string}\"},\"query-input\":{\"@type\":\"PropertyValueSpecification\",\"valueRequired\":true,\"valueName\":\"search_term_string\"}}],\"inLanguage\":\"hu\"},{\"@type\":\"Organization\",\"@id\":\"https:\/\/gastrofest.sk\/#organization\",\"name\":\"SITI s.r.o.\",\"url\":\"https:\/\/gastrofest.sk\/\",\"logo\":{\"@type\":\"ImageObject\",\"inLanguage\":\"hu\",\"@id\":\"https:\/\/gastrofest.sk\/#\/schema\/logo\/image\/\",\"url\":\"https:\/\/gastrofest.sk\/wp-content\/uploads\/2017\/03\/header_logo_old.png\",\"contentUrl\":\"https:\/\/gastrofest.sk\/wp-content\/uploads\/2017\/03\/header_logo_old.png\",\"width\":722,\"height\":299,\"caption\":\"SITI s.r.o.\"},\"image\":{\"@id\":\"https:\/\/gastrofest.sk\/#\/schema\/logo\/image\/\"},\"sameAs\":[\"https:\/\/www.facebook.com\/gastrofest\/\",\"https:\/\/www.instagram.com\/gastrofest.sk\/\",\"https:\/\/www.youtube.com\/channel\/UCQmTHNIgmiaJvc0T-BrA03A\"]}]}<\/script>\n<!-- \/ Yoast SEO plugin. -->","yoast_head_json":{"title":"El\u00e9rhet\u0151s\u00e9geink | Gastrofest","robots":{"index":"index","follow":"follow","max-snippet":"max-snippet:-1","max-image-preview":"max-image-preview:large","max-video-preview":"max-video-preview:-1"},"canonical":"https:\/\/gastrofest.sk\/hu\/elerhetosegeink\/","og_locale":"hu_HU","og_type":"article","og_title":"El\u00e9rhet\u0151s\u00e9geink | Gastrofest","og_description":"[vc_row css=&#8221;.vc_custom_1454676470173{margin-bottom: -28px !important;}&#8221;][vc_column css=&#8221;.vc_custom_1454676416739{margin-bottom: 0px !important;}&#8221;][\/vc_column][\/vc_row][vc_row el_id=&#8221;contact-us&#8221; css=&#8221;.vc_custom_1490733724152{margin-bottom: 0px !important;padding-top: 100px !important;padding-bottom: 50px !important;}&#8221;][vc_column][vc_column_text] K\u00e9rdezz b\u00e1tran! [\/vc_column_text][vc_empty_space height=&#8221;30px&#8221;][vc_column_text] Hi\u00e1nyzik...","og_url":"https:\/\/gastrofest.sk\/hu\/elerhetosegeink\/","og_site_name":"Gastrofest","article_publisher":"https:\/\/www.facebook.com\/gastrofest\/","article_modified_time":"2023-05-21T10:52:52+00:00","twitter_card":"summary_large_image","twitter_misc":{"Becs\u00fclt olvas\u00e1si id\u0151":"1 perc"},"schema":{"@context":"https:\/\/schema.org","@graph":[{"@type":"WebPage","@id":"https:\/\/gastrofest.sk\/hu\/elerhetosegeink\/","url":"https:\/\/gastrofest.sk\/hu\/elerhetosegeink\/","name":"El\u00e9rhet\u0151s\u00e9geink | Gastrofest","isPartOf":{"@id":"https:\/\/gastrofest.sk\/#website"},"datePublished":"2017-03-28T20:38:45+00:00","dateModified":"2023-05-21T10:52:52+00:00","breadcrumb":{"@id":"https:\/\/gastrofest.sk\/hu\/elerhetosegeink\/#breadcrumb"},"inLanguage":"hu","potentialAction":[{"@type":"ReadAction","target":["https:\/\/gastrofest.sk\/hu\/elerhetosegeink\/"]}]},{"@type":"BreadcrumbList","@id":"https:\/\/gastrofest.sk\/hu\/elerhetosegeink\/#breadcrumb","itemListElement":[{"@type":"ListItem","position":1,"name":"Home","item":"https:\/\/gastrofest.sk\/hu\/"},{"@type":"ListItem","position":2,"name":"El\u00e9rhet\u0151s\u00e9geink"}]},{"@type":"WebSite","@id":"https:\/\/gastrofest.sk\/#website","url":"https:\/\/gastrofest.sk\/","name":"Gastrofest","description":"Megapiknik na zjedenie, pr\u00ed\u010f a ochutnaj!","publisher":{"@id":"https:\/\/gastrofest.sk\/#organization"},"potentialAction":[{"@type":"SearchAction","target":{"@type":"EntryPoint","urlTemplate":"https:\/\/gastrofest.sk\/?s={search_term_string}"},"query-input":{"@type":"PropertyValueSpecification","valueRequired":true,"valueName":"search_term_string"}}],"inLanguage":"hu"},{"@type":"Organization","@id":"https:\/\/gastrofest.sk\/#organization","name":"SITI s.r.o.","url":"https:\/\/gastrofest.sk\/","logo":{"@type":"ImageObject","inLanguage":"hu","@id":"https:\/\/gastrofest.sk\/#\/schema\/logo\/image\/","url":"https:\/\/gastrofest.sk\/wp-content\/uploads\/2017\/03\/header_logo_old.png","contentUrl":"https:\/\/gastrofest.sk\/wp-content\/uploads\/2017\/03\/header_logo_old.png","width":722,"height":299,"caption":"SITI s.r.o."},"image":{"@id":"https:\/\/gastrofest.sk\/#\/schema\/logo\/image\/"},"sameAs":["https:\/\/www.facebook.com\/gastrofest\/","https:\/\/www.instagram.com\/gastrofest.sk\/","https:\/\/www.youtube.com\/channel\/UCQmTHNIgmiaJvc0T-BrA03A"]}]}},"_links":{"self":[{"href":"https:\/\/gastrofest.sk\/hu\/wp-json\/wp\/v2\/pages\/30607"}],"collection":[{"href":"https:\/\/gastrofest.sk\/hu\/wp-json\/wp\/v2\/pages"}],"about":[{"href":"https:\/\/gastrofest.sk\/hu\/wp-json\/wp\/v2\/types\/page"}],"author":[{"embeddable":true,"href":"https:\/\/gastrofest.sk\/hu\/wp-json\/wp\/v2\/users\/1"}],"replies":[{"embeddable":true,"href":"https:\/\/gastrofest.sk\/hu\/wp-json\/wp\/v2\/comments?post=30607"}],"version-history":[{"count":3,"href":"https:\/\/gastrofest.sk\/hu\/wp-json\/wp\/v2\/pages\/30607\/revisions"}],"predecessor-version":[{"id":36956,"href":"https:\/\/gastrofest.sk\/hu\/wp-json\/wp\/v2\/pages\/30607\/revisions\/36956"}],"wp:attachment":[{"href":"https:\/\/gastrofest.sk\/hu\/wp-json\/wp\/v2\/media?parent=30607"}],"curies":[{"name":"wp","href":"https:\/\/api.w.org\/{rel}","templated":true}]}}