{"id":30979,"date":"2017-04-17T00:32:17","date_gmt":"2017-04-16T22:32:17","guid":{"rendered":"https:\/\/gastrofest.sk\/partneri\/"},"modified":"2024-07-25T21:57:54","modified_gmt":"2024-07-25T19:57:54","slug":"tamogatok","status":"publish","type":"page","link":"https:\/\/gastrofest.sk\/hu\/tamogatok\/","title":{"rendered":"T\u00e1mogat\u00f3k"},"content":{"rendered":"<p>[vc_row css=&#8221;.vc_custom_1496932806254{padding-bottom: 50px !important;}&#8221;][vc_column][vc_text_separator title=&#8221;Kiemelt f\u0151t\u00e1mogat\u00f3&#8221; color=&#8221;custom&#8221; style=&#8221;double&#8221; border_width=&#8221;2&#8243; accent_color=&#8221;#e2e2e2&#8243;][vc_single_image image=&#8221;32789&#8243; img_size=&#8221;500&#215;500&#8243; alignment=&#8221;center&#8221; onclick=&#8221;custom_link&#8221; link=&#8221;https:\/\/staropramen.sk\/&#8221;][\/vc_column][\/vc_row][vc_row css=&#8221;.vc_custom_1496932790702{padding-bottom: 50px !important;}&#8221;][vc_column][vc_text_separator title=&#8221;F\u0151t\u00e1mogat\u00f3k&#8221; color=&#8221;custom&#8221; style=&#8221;double&#8221; border_width=&#8221;2&#8243; accent_color=&#8221;#e2e2e2&#8243;][vc_empty_space height=&#8221;50px&#8221;]<div class=\"preloader\"><div class=\"preloader-spin\"><\/div><\/div><div class=\"gem-clients gem-clients-type-carousel-grid disable-grayscale \" data-autoscroll=\"0\"><div class=\"gem-clients-slide\"><div class=\"gem-clients-slide-inner clearfix\">\n<div id=\"post-37065\" class=\"gem-client-item post-37065 thegem_client type-thegem_client status-publish has-post-thumbnail hentry\" style=\"width: 33.333333333333%;\" > <a href=\"https:\/\/hatartalannyar.hu\/\" target=\"_blank\" class=\"gscale\"> <img loading=\"lazy\" decoding=\"async\" width=\"400\" height=\"400\" src=\"https:\/\/gastrofest.sk\/wp-content\/uploads\/2025\/07\/HNY-logok-tulipan_MUEA-MOL_CMYK-magenta-thegem-person.png\" class=\"img-responsive wp-post-image\" alt=\"HNY log\u00f3k tulip\u00e1n_M\u00daEA MOL_CMYK magenta\" \/>\t<\/a>\n<\/div>\n<div id=\"post-37070\" class=\"gem-client-item post-37070 thegem_client type-thegem_client status-publish has-post-thumbnail hentry\" style=\"width: 33.333333333333%;\" > <a href=\"https:\/\/www.unsk.sk\/\" target=\"_blank\" class=\"gscale\"> <img loading=\"lazy\" decoding=\"async\" width=\"400\" height=\"400\" src=\"https:\/\/gastrofest.sk\/wp-content\/uploads\/2024\/07\/VUC-thegem-person.png\" class=\"img-responsive wp-post-image\" alt=\"VUC\" \/>\t<\/a>\n<\/div>\n<div id=\"post-37087\" class=\"gem-client-item post-37087 thegem_client type-thegem_client status-publish has-post-thumbnail hentry\" style=\"width: 33.333333333333%;\" > <a href=\"https:\/\/www.szkc.sk\/\" target=\"_blank\" class=\"gscale\"> <img loading=\"lazy\" decoding=\"async\" width=\"400\" height=\"400\" src=\"https:\/\/gastrofest.sk\/wp-content\/uploads\/2024\/07\/szkc-logo-1-bez-pozadia-thegem-person.png\" class=\"img-responsive wp-post-image\" alt=\"szkc logo 1 - bez pozadia\" \/>\t<\/a>\n<\/div>\n<div id=\"post-37092\" class=\"gem-client-item post-37092 thegem_client type-thegem_client status-publish has-post-thumbnail hentry\" style=\"width: 33.333333333333%;\" > <a href=\"https:\/\/www.aregalaslovakia.com\/\" target=\"_blank\" class=\"gscale\"> <img loading=\"lazy\" decoding=\"async\" width=\"400\" height=\"319\" src=\"https:\/\/gastrofest.sk\/wp-content\/uploads\/2024\/07\/Aregala_logo-400x.jpg\" class=\"img-responsive wp-post-image\" alt=\"Aregala_logo-400x\" \/>\t<\/a>\n<\/div>\n<div id=\"post-32751\" class=\"gem-client-item post-32751 thegem_client type-thegem_client status-publish has-post-thumbnail hentry\" style=\"width: 33.333333333333%;\" > <a href=\"https:\/\/www.pernod-ricard.sk\/\" target=\"_blank\" class=\"gscale\"> <img loading=\"lazy\" decoding=\"async\" width=\"400\" height=\"250\" src=\"https:\/\/gastrofest.sk\/wp-content\/uploads\/2017\/06\/pernod_ricard_slovak_republic-thegem-person.png\" class=\"img-responsive wp-post-image\" alt=\"Pernod Ricard Slovak Republic\" \/>\t<\/a>\n<\/div>\n<div id=\"post-32781\" class=\"gem-client-item post-32781 thegem_client type-thegem_client status-publish has-post-thumbnail hentry\" style=\"width: 33.333333333333%;\" > <a href=\"https:\/\/www.absolut.com\/\" target=\"_blank\" class=\"gscale\"> <img loading=\"lazy\" decoding=\"async\" width=\"400\" height=\"250\" src=\"https:\/\/gastrofest.sk\/wp-content\/uploads\/2017\/06\/absolut-thegem-person.png\" class=\"img-responsive wp-post-image\" alt=\"absolut\" \/>\t<\/a>\n<\/div><\/div><\/div><\/div>[\/vc_column][\/vc_row][vc_row css=&#8221;.vc_custom_1496932766183{padding-bottom: 50px !important;}&#8221;][vc_column][vc_text_separator title=&#8221;Medi\u00e1lis t\u00e1mogat\u00f3k&#8221; color=&#8221;custom&#8221; style=&#8221;double&#8221; border_width=&#8221;2&#8243; accent_color=&#8221;#e2e2e2&#8243;][vc_empty_space height=&#8221;50px&#8221;]<div class=\"preloader\"><div class=\"preloader-spin\"><\/div><\/div><div class=\"gem-clients gem-clients-type-carousel-grid disable-grayscale \" data-autoscroll=\"0\"><div class=\"gem-clients-slide\"><div class=\"gem-clients-slide-inner clearfix\">\n<div id=\"post-27965\" class=\"gem-client-item post-27965 thegem_client type-thegem_client status-publish has-post-thumbnail hentry\" style=\"width: 33.333333333333%;\" > <a href=\"https:\/\/www.nztv.eu\/\" target=\"_blank\" class=\"gscale\"> <img loading=\"lazy\" decoding=\"async\" width=\"400\" height=\"250\" src=\"https:\/\/gastrofest.sk\/wp-content\/uploads\/2017\/03\/nztv_logo-thegem-person.png\" class=\"img-responsive wp-post-image\" alt=\"Telev\u00edzia Nov\u00e9 Z\u00e1mky Logo\" \/>\t<\/a>\n<\/div><\/div><\/div><\/div>[\/vc_column][\/vc_row][vc_row][vc_column][vc_text_separator title=&#8221;T\u00e1mogat\u00f3k&#8221; color=&#8221;custom&#8221; style=&#8221;double&#8221; border_width=&#8221;2&#8243; accent_color=&#8221;#e2e2e2&#8243;][vc_empty_space height=&#8221;100px&#8221;]<div class=\"preloader\"><div class=\"preloader-spin\"><\/div><\/div><div class=\"gem-clients gem-clients-type-carousel-grid disable-grayscale \" data-autoscroll=\"0\"><div class=\"gem-clients-slide\"><div class=\"gem-clients-slide-inner clearfix\">\n<div id=\"post-27961\" class=\"gem-client-item post-27961 thegem_client type-thegem_client status-publish has-post-thumbnail hentry\" style=\"width: 33.333333333333%;\" > <a href=\"https:\/\/www.coca-cola.com\/sk\/sk\" target=\"_blank\" class=\"gscale\"> <img loading=\"lazy\" decoding=\"async\" width=\"400\" height=\"250\" src=\"https:\/\/gastrofest.sk\/wp-content\/uploads\/2017\/03\/coca-cola_logo_-thegem-person.png\" class=\"img-responsive wp-post-image\" alt=\"Coca-Cola Logo\" \/>\t<\/a>\n<\/div>\n<div id=\"post-27973\" class=\"gem-client-item post-27973 thegem_client type-thegem_client status-publish has-post-thumbnail hentry\" style=\"width: 33.333333333333%;\" > <a href=\"https:\/\/www.zemnet.sk\/\" target=\"_blank\" class=\"gscale\"> <img loading=\"lazy\" decoding=\"async\" width=\"400\" height=\"250\" src=\"https:\/\/gastrofest.sk\/wp-content\/uploads\/2017\/03\/zemnet_logo-thegem-person.png\" class=\"img-responsive wp-post-image\" alt=\"Zemnet Logo\" \/>\t<\/a>\n<\/div>\n<div id=\"post-32772\" class=\"gem-client-item post-32772 thegem_client type-thegem_client status-publish has-post-thumbnail hentry\" style=\"width: 33.333333333333%;\" > <a href=\"https:\/\/www.kofola.sk\/\" target=\"_blank\" class=\"gscale\"> <img loading=\"lazy\" decoding=\"async\" width=\"400\" height=\"250\" src=\"https:\/\/gastrofest.sk\/wp-content\/uploads\/2017\/06\/kofola_original-thegem-person.png\" class=\"img-responsive wp-post-image\" alt=\"Kofola Origin\u00e1l\" \/>\t<\/a>\n<\/div>\n<div id=\"post-35789\" class=\"gem-client-item post-35789 thegem_client type-thegem_client status-publish has-post-thumbnail hentry\" style=\"width: 33.333333333333%;\" > <a href=\"https:\/\/orientplus.sk\/\" target=\"_blank\" class=\"gscale\"> <img loading=\"lazy\" decoding=\"async\" width=\"400\" height=\"250\" src=\"https:\/\/gastrofest.sk\/wp-content\/uploads\/2018\/07\/orient-thegem-person.png\" class=\"img-responsive wp-post-image\" alt=\"orient\" \/>\t<\/a>\n<\/div><\/div><\/div><\/div>[\/vc_column][\/vc_row]<\/p>\n","protected":false},"excerpt":{"rendered":"<p>[vc_row css=&#8221;.vc_custom_1496932806254{padding-bottom: 50px !important;}&#8221;][vc_column][vc_text_separator title=&#8221;Kiemelt f\u0151t\u00e1mogat\u00f3&#8221; color=&#8221;custom&#8221; style=&#8221;double&#8221; border_width=&#8221;2&#8243; accent_color=&#8221;#e2e2e2&#8243;][vc_single_image image=&#8221;32789&#8243; img_size=&#8221;500&#215;500&#8243; alignment=&#8221;center&#8221; onclick=&#8221;custom_link&#8221; link=&#8221;https:\/\/staropramen.sk\/&#8221;][\/vc_column][\/vc_row][vc_row css=&#8221;.vc_custom_1496932790702{padding-bottom: 50px !important;}&#8221;][vc_column][vc_text_separator title=&#8221;F\u0151t\u00e1mogat\u00f3k&#8221; color=&#8221;custom&#8221;&#8230;<\/p>\n","protected":false},"author":1,"featured_media":0,"parent":0,"menu_order":0,"comment_status":"closed","ping_status":"closed","template":"","meta":{"_monsterinsights_skip_tracking":false,"_monsterinsights_sitenote_active":false,"_monsterinsights_sitenote_note":"","_monsterinsights_sitenote_category":0,"footnotes":""},"class_list":["post-30979","page","type-page","status-publish","hentry"],"yoast_head":"<!-- This site is optimized with the Yoast SEO plugin v24.8.1 - https:\/\/yoast.com\/wordpress\/plugins\/seo\/ -->\n<title>T\u00e1mogat\u00f3k | Gastrofest<\/title>\n<meta name=\"robots\" content=\"index, follow, max-snippet:-1, max-image-preview:large, max-video-preview:-1\" \/>\n<link rel=\"canonical\" href=\"https:\/\/gastrofest.sk\/hu\/tamogatok\/\" \/>\n<meta property=\"og:locale\" content=\"hu_HU\" \/>\n<meta property=\"og:type\" content=\"article\" \/>\n<meta property=\"og:title\" content=\"T\u00e1mogat\u00f3k | Gastrofest\" \/>\n<meta property=\"og:description\" content=\"[vc_row css=&#8221;.vc_custom_1496932806254{padding-bottom: 50px !important;}&#8221;][vc_column][vc_text_separator title=&#8221;Kiemelt f\u0151t\u00e1mogat\u00f3&#8221; color=&#8221;custom&#8221; style=&#8221;double&#8221; border_width=&#8221;2&#8243; accent_color=&#8221;#e2e2e2&#8243;][vc_single_image image=&#8221;32789&#8243; img_size=&#8221;500&#215;500&#8243; alignment=&#8221;center&#8221; onclick=&#8221;custom_link&#8221; link=&#8221;https:\/\/staropramen.sk\/&#8221;][\/vc_column][\/vc_row][vc_row css=&#8221;.vc_custom_1496932790702{padding-bottom: 50px !important;}&#8221;][vc_column][vc_text_separator title=&#8221;F\u0151t\u00e1mogat\u00f3k&#8221; color=&#8221;custom&#8221;...\" \/>\n<meta property=\"og:url\" content=\"https:\/\/gastrofest.sk\/hu\/tamogatok\/\" \/>\n<meta property=\"og:site_name\" content=\"Gastrofest\" \/>\n<meta property=\"article:publisher\" content=\"https:\/\/www.facebook.com\/gastrofest\/\" \/>\n<meta property=\"article:modified_time\" content=\"2024-07-25T19:57:54+00:00\" \/>\n<meta name=\"twitter:card\" content=\"summary_large_image\" \/>\n<meta name=\"twitter:label1\" content=\"Becs\u00fclt olvas\u00e1si id\u0151\" \/>\n\t<meta name=\"twitter:data1\" content=\"1 perc\" \/>\n<script type=\"application\/ld+json\" class=\"yoast-schema-graph\">{\"@context\":\"https:\/\/schema.org\",\"@graph\":[{\"@type\":\"WebPage\",\"@id\":\"https:\/\/gastrofest.sk\/hu\/tamogatok\/\",\"url\":\"https:\/\/gastrofest.sk\/hu\/tamogatok\/\",\"name\":\"T\u00e1mogat\u00f3k | Gastrofest\",\"isPartOf\":{\"@id\":\"https:\/\/gastrofest.sk\/#website\"},\"datePublished\":\"2017-04-16T22:32:17+00:00\",\"dateModified\":\"2024-07-25T19:57:54+00:00\",\"breadcrumb\":{\"@id\":\"https:\/\/gastrofest.sk\/hu\/tamogatok\/#breadcrumb\"},\"inLanguage\":\"hu\",\"potentialAction\":[{\"@type\":\"ReadAction\",\"target\":[\"https:\/\/gastrofest.sk\/hu\/tamogatok\/\"]}]},{\"@type\":\"BreadcrumbList\",\"@id\":\"https:\/\/gastrofest.sk\/hu\/tamogatok\/#breadcrumb\",\"itemListElement\":[{\"@type\":\"ListItem\",\"position\":1,\"name\":\"Home\",\"item\":\"https:\/\/gastrofest.sk\/hu\/\"},{\"@type\":\"ListItem\",\"position\":2,\"name\":\"T\u00e1mogat\u00f3k\"}]},{\"@type\":\"WebSite\",\"@id\":\"https:\/\/gastrofest.sk\/#website\",\"url\":\"https:\/\/gastrofest.sk\/\",\"name\":\"Gastrofest\",\"description\":\"Megapiknik na zjedenie, pr\u00ed\u010f a ochutnaj!\",\"publisher\":{\"@id\":\"https:\/\/gastrofest.sk\/#organization\"},\"potentialAction\":[{\"@type\":\"SearchAction\",\"target\":{\"@type\":\"EntryPoint\",\"urlTemplate\":\"https:\/\/gastrofest.sk\/?s={search_term_string}\"},\"query-input\":{\"@type\":\"PropertyValueSpecification\",\"valueRequired\":true,\"valueName\":\"search_term_string\"}}],\"inLanguage\":\"hu\"},{\"@type\":\"Organization\",\"@id\":\"https:\/\/gastrofest.sk\/#organization\",\"name\":\"SITI s.r.o.\",\"url\":\"https:\/\/gastrofest.sk\/\",\"logo\":{\"@type\":\"ImageObject\",\"inLanguage\":\"hu\",\"@id\":\"https:\/\/gastrofest.sk\/#\/schema\/logo\/image\/\",\"url\":\"https:\/\/gastrofest.sk\/wp-content\/uploads\/2017\/03\/header_logo_old.png\",\"contentUrl\":\"https:\/\/gastrofest.sk\/wp-content\/uploads\/2017\/03\/header_logo_old.png\",\"width\":722,\"height\":299,\"caption\":\"SITI s.r.o.\"},\"image\":{\"@id\":\"https:\/\/gastrofest.sk\/#\/schema\/logo\/image\/\"},\"sameAs\":[\"https:\/\/www.facebook.com\/gastrofest\/\",\"https:\/\/www.instagram.com\/gastrofest.sk\/\",\"https:\/\/www.youtube.com\/channel\/UCQmTHNIgmiaJvc0T-BrA03A\"]}]}<\/script>\n<!-- \/ Yoast SEO plugin. -->","yoast_head_json":{"title":"T\u00e1mogat\u00f3k | Gastrofest","robots":{"index":"index","follow":"follow","max-snippet":"max-snippet:-1","max-image-preview":"max-image-preview:large","max-video-preview":"max-video-preview:-1"},"canonical":"https:\/\/gastrofest.sk\/hu\/tamogatok\/","og_locale":"hu_HU","og_type":"article","og_title":"T\u00e1mogat\u00f3k | Gastrofest","og_description":"[vc_row css=&#8221;.vc_custom_1496932806254{padding-bottom: 50px !important;}&#8221;][vc_column][vc_text_separator title=&#8221;Kiemelt f\u0151t\u00e1mogat\u00f3&#8221; color=&#8221;custom&#8221; style=&#8221;double&#8221; border_width=&#8221;2&#8243; accent_color=&#8221;#e2e2e2&#8243;][vc_single_image image=&#8221;32789&#8243; img_size=&#8221;500&#215;500&#8243; alignment=&#8221;center&#8221; onclick=&#8221;custom_link&#8221; link=&#8221;https:\/\/staropramen.sk\/&#8221;][\/vc_column][\/vc_row][vc_row css=&#8221;.vc_custom_1496932790702{padding-bottom: 50px !important;}&#8221;][vc_column][vc_text_separator title=&#8221;F\u0151t\u00e1mogat\u00f3k&#8221; color=&#8221;custom&#8221;...","og_url":"https:\/\/gastrofest.sk\/hu\/tamogatok\/","og_site_name":"Gastrofest","article_publisher":"https:\/\/www.facebook.com\/gastrofest\/","article_modified_time":"2024-07-25T19:57:54+00:00","twitter_card":"summary_large_image","twitter_misc":{"Becs\u00fclt olvas\u00e1si id\u0151":"1 perc"},"schema":{"@context":"https:\/\/schema.org","@graph":[{"@type":"WebPage","@id":"https:\/\/gastrofest.sk\/hu\/tamogatok\/","url":"https:\/\/gastrofest.sk\/hu\/tamogatok\/","name":"T\u00e1mogat\u00f3k | Gastrofest","isPartOf":{"@id":"https:\/\/gastrofest.sk\/#website"},"datePublished":"2017-04-16T22:32:17+00:00","dateModified":"2024-07-25T19:57:54+00:00","breadcrumb":{"@id":"https:\/\/gastrofest.sk\/hu\/tamogatok\/#breadcrumb"},"inLanguage":"hu","potentialAction":[{"@type":"ReadAction","target":["https:\/\/gastrofest.sk\/hu\/tamogatok\/"]}]},{"@type":"BreadcrumbList","@id":"https:\/\/gastrofest.sk\/hu\/tamogatok\/#breadcrumb","itemListElement":[{"@type":"ListItem","position":1,"name":"Home","item":"https:\/\/gastrofest.sk\/hu\/"},{"@type":"ListItem","position":2,"name":"T\u00e1mogat\u00f3k"}]},{"@type":"WebSite","@id":"https:\/\/gastrofest.sk\/#website","url":"https:\/\/gastrofest.sk\/","name":"Gastrofest","description":"Megapiknik na zjedenie, pr\u00ed\u010f a ochutnaj!","publisher":{"@id":"https:\/\/gastrofest.sk\/#organization"},"potentialAction":[{"@type":"SearchAction","target":{"@type":"EntryPoint","urlTemplate":"https:\/\/gastrofest.sk\/?s={search_term_string}"},"query-input":{"@type":"PropertyValueSpecification","valueRequired":true,"valueName":"search_term_string"}}],"inLanguage":"hu"},{"@type":"Organization","@id":"https:\/\/gastrofest.sk\/#organization","name":"SITI s.r.o.","url":"https:\/\/gastrofest.sk\/","logo":{"@type":"ImageObject","inLanguage":"hu","@id":"https:\/\/gastrofest.sk\/#\/schema\/logo\/image\/","url":"https:\/\/gastrofest.sk\/wp-content\/uploads\/2017\/03\/header_logo_old.png","contentUrl":"https:\/\/gastrofest.sk\/wp-content\/uploads\/2017\/03\/header_logo_old.png","width":722,"height":299,"caption":"SITI s.r.o."},"image":{"@id":"https:\/\/gastrofest.sk\/#\/schema\/logo\/image\/"},"sameAs":["https:\/\/www.facebook.com\/gastrofest\/","https:\/\/www.instagram.com\/gastrofest.sk\/","https:\/\/www.youtube.com\/channel\/UCQmTHNIgmiaJvc0T-BrA03A"]}]}},"_links":{"self":[{"href":"https:\/\/gastrofest.sk\/hu\/wp-json\/wp\/v2\/pages\/30979"}],"collection":[{"href":"https:\/\/gastrofest.sk\/hu\/wp-json\/wp\/v2\/pages"}],"about":[{"href":"https:\/\/gastrofest.sk\/hu\/wp-json\/wp\/v2\/types\/page"}],"author":[{"embeddable":true,"href":"https:\/\/gastrofest.sk\/hu\/wp-json\/wp\/v2\/users\/1"}],"replies":[{"embeddable":true,"href":"https:\/\/gastrofest.sk\/hu\/wp-json\/wp\/v2\/comments?post=30979"}],"version-history":[{"count":3,"href":"https:\/\/gastrofest.sk\/hu\/wp-json\/wp\/v2\/pages\/30979\/revisions"}],"predecessor-version":[{"id":37084,"href":"https:\/\/gastrofest.sk\/hu\/wp-json\/wp\/v2\/pages\/30979\/revisions\/37084"}],"wp:attachment":[{"href":"https:\/\/gastrofest.sk\/hu\/wp-json\/wp\/v2\/media?parent=30979"}],"curies":[{"name":"wp","href":"https:\/\/api.w.org\/{rel}","templated":true}]}}