{"id":32476,"date":"2017-05-31T18:14:20","date_gmt":"2017-05-31T16:14:20","guid":{"rendered":"https:\/\/gastrofest.sk\/koncerty\/"},"modified":"2026-04-17T14:47:04","modified_gmt":"2026-04-17T12:47:04","slug":"koncertek","status":"publish","type":"page","link":"https:\/\/gastrofest.sk\/hu\/koncertek\/","title":{"rendered":"Koncertek"},"content":{"rendered":"<p>[vc_row full_width=&#8221;stretch_row_content&#8221; el_id=&#8221;line-up&#8221; css=&#8221;.vc_custom_1684358211304{margin-top: 0px !important;padding-top: 25px !important;padding-bottom: 50px !important;}&#8221; el_class=&#8221;bands&#8221;][vc_column css=&#8221;.vc_custom_1684358250836{background-position: center !important;background-repeat: no-repeat !important;background-size: cover !important;}&#8221;][vc_single_image image=&#8221;37256&#8243; img_size=&#8221;large&#8221; alignment=&#8221;center&#8221; onclick=&#8221;link_image&#8221;][vc_wp_text]<\/p>\n<div class=\"title-h3\" style=\"text-align: center;\">A program m\u00e9g k\u00e9sz\u00fcl\u0151ben &#8230;<\/div>\n<p>[\/vc_wp_text][\/vc_column][\/vc_row][vc_row full_width=&#8221;stretch_row_content&#8221; css=&#8221;.vc_custom_1497114526111{margin-bottom: 0px !important;padding-top: 50px !important;padding-bottom: 50px !important;background-color: #f3a512 !important;}&#8221; el_id=&#8221;newsletter&#8221; el_class=&#8221;bands&#8221;][vc_column][vc_column_text]<\/p>\n<div class=\"title-h3\"><span style=\"color: #ffffff;\">Milyen zenekarokat h\u00edvjunk meg j\u00f6v\u0151re?<\/span><\/div>\n<p>[\/vc_column_text][\/vc_column][vc_column width=&#8221;5\/12&#8243; css=&#8221;.vc_custom_1496334142411{padding-top: 0px !important;}&#8221;][vc_column_text]<span style=\"color: #ffffff;\">Iratkozz fel h\u00edrlevel\u00fcnkre, \u00e9s oszd meg vel\u00fcnk, hogy kiket szeretn\u00e9l legk\u00f6zelebb l\u00e1tni.<\/span>[\/vc_column_text][vc_column_text]<span style=\"color: #f7c76e;\">* A szem\u00e9lyes adatokat titkos\u00edtjuk<\/span>[\/vc_column_text][\/vc_column][vc_column width=&#8221;7\/12&#8243; css=&#8221;.vc_custom_1496334518590{padding-top: 0px !important;}&#8221;][vc_column_text]\n\t<section id=\"yikes-mailchimp-container-2\" class=\"yikes-mailchimp-container yikes-mailchimp-container-2 \">\n\t\t\t\t<form id=\"newsletter_koncerty_sk-2\" class=\"yikes-easy-mc-form yikes-easy-mc-form-2 yikes-mailchimp-form-inline  yikes-easy-mc-form yikes-easy-mc-form-8 yikes-mailchimp-form-inline  agency-sparta-style\" method=\"POST\" data-attr-form-id=\"2\">\n\n\t\t\t\t\t\t\t\t\t\t\t\t\t<label for=\"yikes-easy-mc-form-2-EMAIL\"  class=\"label-inline EMAIL-label yikes-mailchimp-field-required \">\n\n\t\t\t\t\t\t\t\t\t\t<!-- dictate label visibility -->\n\t\t\t\t\t\t\t\t\t\t\n\t\t\t\t\t\t\t\t\t\t<!-- Description Above -->\n\t\t\t\t\t\t\t\t\t\t\n\t\t\t\t\t\t\t\t\t\t<input id=\"yikes-easy-mc-form-2-EMAIL\"  name=\"EMAIL\"  placeholder=\"jozko.mrkvicka@gmail.com\"  class=\"yikes-easy-mc-email field-no-label\"  required=\"required\" type=\"email\"  value=\"\">\n\n\t\t\t\t\t\t\t\t\t\t<!-- Description Below -->\n\t\t\t\t\t\t\t\t\t\t\n\t\t\t\t\t\t\t\t\t<\/label>\n\t\t\t\t\t\t\t\t\t\t\t\t\t\t\t\t\t\t<label for=\"yikes-easy-mc-form-2-SIGNUP\" style=\"display:none;\" class=\"label-inline SIGNUP-label \">\n\n\t\t\t\t\t\t\t\t\t\t<!-- dictate label visibility -->\n\t\t\t\t\t\t\t\t\t\t\n\t\t\t\t\t\t\t\t\t\t<!-- Description Above -->\n\t\t\t\t\t\t\t\t\t\t\n\t\t\t\t\t\t\t\t\t\t<input id=\"yikes-easy-mc-form-2-SIGNUP\"  name=\"SIGNUP\"  placeholder=\"\"  class=\"yikes-easy-mc-text field-no-label\"   style=\"display:none;\" type=\"text\"  value=\"koncerty\">\n\n\t\t\t\t\t\t\t\t\t\t<!-- Description Below -->\n\t\t\t\t\t\t\t\t\t\t\n\t\t\t\t\t\t\t\t\t<\/label>\n\t\t\t\t\t\t\t\t\t\n\t\t\t\t<!-- Honeypot Trap -->\n\t\t\t\t<input type=\"hidden\" name=\"yikes-mailchimp-honeypot\" id=\"yikes-mailchimp-honeypot-2\" value=\"\">\n\n\t\t\t\t<!-- List ID -->\n\t\t\t\t<input type=\"hidden\" name=\"yikes-mailchimp-associated-list-id\" id=\"yikes-mailchimp-associated-list-id-2\" value=\"34f2592260\">\n\n\t\t\t\t<!-- The form that is being submitted! Used to display error\/success messages above the correct form -->\n\t\t\t\t<input type=\"hidden\" name=\"yikes-mailchimp-submitted-form\" id=\"yikes-mailchimp-submitted-form-2\" value=\"2\">\n\n\t\t\t\t<!-- Submit Button -->\n\t\t\t\t<label class=\"empty-form-inline-label submit-button-inline-label\"><span class=\"empty-label\">&nbsp;<\/span><button type=\"submit\" class=\"yikes-easy-mc-submit-button yikes-easy-mc-submit-button-2 btn btn-primary newsletter-submit\"> <span class=\"yikes-mailchimp-submit-button-span-text\">Feliratkoz\u00e1s<\/span><\/button><\/label>\t\t\t\t<!-- Nonce Security Check -->\n\t\t\t\t<input type=\"hidden\" id=\"yikes_easy_mc_new_subscriber_2\" name=\"yikes_easy_mc_new_subscriber\" value=\"e278b29922\">\n\t\t\t\t<input type=\"hidden\" name=\"_wp_http_referer\" value=\"\/hu\/wp-json\/wp\/v2\/pages\/32476\" \/>\n\t\t\t<\/form>\n\t\t\t<!-- Mailchimp Form generated by Easy Forms for Mailchimp v6.8.9 (https:\/\/wordpress.org\/plugins\/yikes-inc-easy-mailchimp-extender\/) -->\n\n\t\t\t<\/section>\n\t[\/vc_column_text][\/vc_column][\/vc_row]<\/p>\n","protected":false},"excerpt":{"rendered":"<p>[vc_row full_width=&#8221;stretch_row_content&#8221; el_id=&#8221;line-up&#8221; css=&#8221;.vc_custom_1684358211304{margin-top: 0px !important;padding-top: 25px !important;padding-bottom: 50px !important;}&#8221; el_class=&#8221;bands&#8221;][vc_column css=&#8221;.vc_custom_1684358250836{background-position: center !important;background-repeat: no-repeat !important;background-size: cover !important;}&#8221;][vc_single_image image=&#8221;37256&#8243; img_size=&#8221;large&#8221;&#8230;<\/p>\n","protected":false},"author":1,"featured_media":0,"parent":0,"menu_order":0,"comment_status":"closed","ping_status":"closed","template":"","meta":{"_monsterinsights_skip_tracking":false,"_monsterinsights_sitenote_active":false,"_monsterinsights_sitenote_note":"","_monsterinsights_sitenote_category":0,"footnotes":""},"class_list":["post-32476","page","type-page","status-publish","hentry"],"yoast_head":"<!-- This site is optimized with the Yoast SEO plugin v24.8.1 - https:\/\/yoast.com\/wordpress\/plugins\/seo\/ -->\n<title>Koncertek | Gastrofest<\/title>\n<meta name=\"robots\" content=\"index, follow, max-snippet:-1, max-image-preview:large, max-video-preview:-1\" \/>\n<link rel=\"canonical\" href=\"https:\/\/gastrofest.sk\/hu\/koncertek\/\" \/>\n<meta property=\"og:locale\" content=\"hu_HU\" \/>\n<meta property=\"og:type\" content=\"article\" \/>\n<meta property=\"og:title\" content=\"Koncertek\u00a0| Gastrofest augusztus\" \/>\n<meta property=\"og:description\" content=\"23. O\u00c1ZA INTERNATIONAL GASTROFESTIV\u00c1L\" \/>\n<meta property=\"og:url\" content=\"https:\/\/gastrofest.sk\/hu\/koncertek\/\" \/>\n<meta property=\"og:site_name\" content=\"Gastrofest\" \/>\n<meta property=\"article:publisher\" content=\"https:\/\/www.facebook.com\/gastrofest\/\" \/>\n<meta property=\"article:modified_time\" content=\"2026-04-17T12:47:04+00:00\" \/>\n<meta name=\"twitter:card\" content=\"summary_large_image\" \/>\n<meta name=\"twitter:title\" content=\"Koncertek\u00a0| Gastrofest augusztus\" \/>\n<meta name=\"twitter:description\" content=\"23. O\u00c1ZA INTERNATIONAL GASTROFESTIV\u00c1L\" \/>\n<meta name=\"twitter:label1\" content=\"Becs\u00fclt olvas\u00e1si id\u0151\" \/>\n\t<meta name=\"twitter:data1\" content=\"1 perc\" \/>\n<script type=\"application\/ld+json\" class=\"yoast-schema-graph\">{\"@context\":\"https:\/\/schema.org\",\"@graph\":[{\"@type\":\"WebPage\",\"@id\":\"https:\/\/gastrofest.sk\/hu\/koncertek\/\",\"url\":\"https:\/\/gastrofest.sk\/hu\/koncertek\/\",\"name\":\"Koncertek | Gastrofest\",\"isPartOf\":{\"@id\":\"https:\/\/gastrofest.sk\/#website\"},\"datePublished\":\"2017-05-31T16:14:20+00:00\",\"dateModified\":\"2026-04-17T12:47:04+00:00\",\"breadcrumb\":{\"@id\":\"https:\/\/gastrofest.sk\/hu\/koncertek\/#breadcrumb\"},\"inLanguage\":\"hu\",\"potentialAction\":[{\"@type\":\"ReadAction\",\"target\":[\"https:\/\/gastrofest.sk\/hu\/koncertek\/\"]}]},{\"@type\":\"BreadcrumbList\",\"@id\":\"https:\/\/gastrofest.sk\/hu\/koncertek\/#breadcrumb\",\"itemListElement\":[{\"@type\":\"ListItem\",\"position\":1,\"name\":\"Home\",\"item\":\"https:\/\/gastrofest.sk\/hu\/\"},{\"@type\":\"ListItem\",\"position\":2,\"name\":\"Koncertek\"}]},{\"@type\":\"WebSite\",\"@id\":\"https:\/\/gastrofest.sk\/#website\",\"url\":\"https:\/\/gastrofest.sk\/\",\"name\":\"Gastrofest\",\"description\":\"Megapiknik na zjedenie, pr\u00ed\u010f a ochutnaj!\",\"publisher\":{\"@id\":\"https:\/\/gastrofest.sk\/#organization\"},\"potentialAction\":[{\"@type\":\"SearchAction\",\"target\":{\"@type\":\"EntryPoint\",\"urlTemplate\":\"https:\/\/gastrofest.sk\/?s={search_term_string}\"},\"query-input\":{\"@type\":\"PropertyValueSpecification\",\"valueRequired\":true,\"valueName\":\"search_term_string\"}}],\"inLanguage\":\"hu\"},{\"@type\":\"Organization\",\"@id\":\"https:\/\/gastrofest.sk\/#organization\",\"name\":\"SITI s.r.o.\",\"url\":\"https:\/\/gastrofest.sk\/\",\"logo\":{\"@type\":\"ImageObject\",\"inLanguage\":\"hu\",\"@id\":\"https:\/\/gastrofest.sk\/#\/schema\/logo\/image\/\",\"url\":\"https:\/\/gastrofest.sk\/wp-content\/uploads\/2017\/03\/header_logo_old.png\",\"contentUrl\":\"https:\/\/gastrofest.sk\/wp-content\/uploads\/2017\/03\/header_logo_old.png\",\"width\":722,\"height\":299,\"caption\":\"SITI s.r.o.\"},\"image\":{\"@id\":\"https:\/\/gastrofest.sk\/#\/schema\/logo\/image\/\"},\"sameAs\":[\"https:\/\/www.facebook.com\/gastrofest\/\",\"https:\/\/www.instagram.com\/gastrofest.sk\/\",\"https:\/\/www.youtube.com\/channel\/UCQmTHNIgmiaJvc0T-BrA03A\"]}]}<\/script>\n<!-- \/ Yoast SEO plugin. -->","yoast_head_json":{"title":"Koncertek | Gastrofest","robots":{"index":"index","follow":"follow","max-snippet":"max-snippet:-1","max-image-preview":"max-image-preview:large","max-video-preview":"max-video-preview:-1"},"canonical":"https:\/\/gastrofest.sk\/hu\/koncertek\/","og_locale":"hu_HU","og_type":"article","og_title":"Koncertek\u00a0| Gastrofest augusztus","og_description":"23. O\u00c1ZA INTERNATIONAL GASTROFESTIV\u00c1L","og_url":"https:\/\/gastrofest.sk\/hu\/koncertek\/","og_site_name":"Gastrofest","article_publisher":"https:\/\/www.facebook.com\/gastrofest\/","article_modified_time":"2026-04-17T12:47:04+00:00","twitter_card":"summary_large_image","twitter_title":"Koncertek\u00a0| Gastrofest augusztus","twitter_description":"23. O\u00c1ZA INTERNATIONAL GASTROFESTIV\u00c1L","twitter_misc":{"Becs\u00fclt olvas\u00e1si id\u0151":"1 perc"},"schema":{"@context":"https:\/\/schema.org","@graph":[{"@type":"WebPage","@id":"https:\/\/gastrofest.sk\/hu\/koncertek\/","url":"https:\/\/gastrofest.sk\/hu\/koncertek\/","name":"Koncertek | Gastrofest","isPartOf":{"@id":"https:\/\/gastrofest.sk\/#website"},"datePublished":"2017-05-31T16:14:20+00:00","dateModified":"2026-04-17T12:47:04+00:00","breadcrumb":{"@id":"https:\/\/gastrofest.sk\/hu\/koncertek\/#breadcrumb"},"inLanguage":"hu","potentialAction":[{"@type":"ReadAction","target":["https:\/\/gastrofest.sk\/hu\/koncertek\/"]}]},{"@type":"BreadcrumbList","@id":"https:\/\/gastrofest.sk\/hu\/koncertek\/#breadcrumb","itemListElement":[{"@type":"ListItem","position":1,"name":"Home","item":"https:\/\/gastrofest.sk\/hu\/"},{"@type":"ListItem","position":2,"name":"Koncertek"}]},{"@type":"WebSite","@id":"https:\/\/gastrofest.sk\/#website","url":"https:\/\/gastrofest.sk\/","name":"Gastrofest","description":"Megapiknik na zjedenie, pr\u00ed\u010f a ochutnaj!","publisher":{"@id":"https:\/\/gastrofest.sk\/#organization"},"potentialAction":[{"@type":"SearchAction","target":{"@type":"EntryPoint","urlTemplate":"https:\/\/gastrofest.sk\/?s={search_term_string}"},"query-input":{"@type":"PropertyValueSpecification","valueRequired":true,"valueName":"search_term_string"}}],"inLanguage":"hu"},{"@type":"Organization","@id":"https:\/\/gastrofest.sk\/#organization","name":"SITI s.r.o.","url":"https:\/\/gastrofest.sk\/","logo":{"@type":"ImageObject","inLanguage":"hu","@id":"https:\/\/gastrofest.sk\/#\/schema\/logo\/image\/","url":"https:\/\/gastrofest.sk\/wp-content\/uploads\/2017\/03\/header_logo_old.png","contentUrl":"https:\/\/gastrofest.sk\/wp-content\/uploads\/2017\/03\/header_logo_old.png","width":722,"height":299,"caption":"SITI s.r.o."},"image":{"@id":"https:\/\/gastrofest.sk\/#\/schema\/logo\/image\/"},"sameAs":["https:\/\/www.facebook.com\/gastrofest\/","https:\/\/www.instagram.com\/gastrofest.sk\/","https:\/\/www.youtube.com\/channel\/UCQmTHNIgmiaJvc0T-BrA03A"]}]}},"_links":{"self":[{"href":"https:\/\/gastrofest.sk\/hu\/wp-json\/wp\/v2\/pages\/32476"}],"collection":[{"href":"https:\/\/gastrofest.sk\/hu\/wp-json\/wp\/v2\/pages"}],"about":[{"href":"https:\/\/gastrofest.sk\/hu\/wp-json\/wp\/v2\/types\/page"}],"author":[{"embeddable":true,"href":"https:\/\/gastrofest.sk\/hu\/wp-json\/wp\/v2\/users\/1"}],"replies":[{"embeddable":true,"href":"https:\/\/gastrofest.sk\/hu\/wp-json\/wp\/v2\/comments?post=32476"}],"version-history":[{"count":19,"href":"https:\/\/gastrofest.sk\/hu\/wp-json\/wp\/v2\/pages\/32476\/revisions"}],"predecessor-version":[{"id":37259,"href":"https:\/\/gastrofest.sk\/hu\/wp-json\/wp\/v2\/pages\/32476\/revisions\/37259"}],"wp:attachment":[{"href":"https:\/\/gastrofest.sk\/hu\/wp-json\/wp\/v2\/media?parent=32476"}],"curies":[{"name":"wp","href":"https:\/\/api.w.org\/{rel}","templated":true}]}}