{"id":35969,"date":"2019-05-17T15:07:18","date_gmt":"2019-05-17T13:07:18","guid":{"rendered":"https:\/\/gastrofest.sk\/o-gastrofeste\/"},"modified":"2023-07-12T17:00:20","modified_gmt":"2023-07-12T15:00:20","slug":"gasztrofesztrol","status":"publish","type":"page","link":"https:\/\/gastrofest.sk\/hu\/gasztrofesztrol\/","title":{"rendered":"Gasztrofesztr\u0151l"},"content":{"rendered":"<p>[vc_row el_class=&#8221;flex-container&#8221;][vc_column][vc_column_text]A kamocsai gasztrofesztiv\u00e1llal egy olyan rendezv\u00e9nyt szerett\u00fcnk volna l\u00e9trehozni, ahol a l\u00e1togat\u00f3 a zenei programokon k\u00edv\u00fcl t\u00f6bbet kap a megszokottn\u00e1l. A rohan\u00f3, anyagias \u00e9s az \u00e9rt\u00e9kes bar\u00e1ti kapcsolatokat egyre ink\u00e1bb h\u00e1tt\u00e9rbe szor\u00edt\u00f3 mindennapokban szerett\u00fck volna visszaszerezni a bar\u00e1ti besz\u00e9lget\u00e9sek, a nagy tal\u00e1lkoz\u00e1sok \u00e9s a gondtalan sz\u00f3rakoz\u00e1s \u00f6r\u00f6m\u00e9t. \u00dagy v\u00e9lj\u00fck, mindezen \u00e9rt\u00e9kek \u00f6sszef\u00fcgg\u00e9sbe hozhat\u00f3k a bogr\u00e1csoz\u00e1ssal, a k\u00f3stol\u00e1ssal, a kiad\u00f3s lakom\u00e1kkal.<br \/>\nB\u00fcszk\u00e9n mondhatjuk, hogy rendezv\u00e9ny\u00fcnk egyed\u00fcl\u00e1ll\u00f3 az orsz\u00e1gban, \u00e9s egyre ink\u00e1bb v\u00e1lik n\u00e9pszer\u0171v\u00e9 a k\u00f6rny\u00e9kbeli orsz\u00e1gokban is. Kiemelked\u0151 l\u00e1togatotts\u00e1g\u00e1nak \u00e9s elismerts\u00e9g\u00e9nek k\u00f6sz\u00f6nhet\u0151en a Szlov\u00e1k Rekordok K\u00f6nyv\u00e9ben 3x egym\u00e1s ut\u00e1n \u00e9rt\u00fck el a legnagyobb szlov\u00e1kiai gasztrofesztiv\u00e1l c\u00edmet, legut\u00f3bbi \u00e9vben 234 csapattal, melyek k\u00f6z\u00f6tt megtal\u00e1lhat\u00f3ak voltak magyarorsz\u00e1gi, n\u00e9met, rom\u00e1n, csehorsz\u00e1gi, valamint szerbiai csapatok is.<br \/>\nA k\u00e9sz\u00fcl\u0151 \u00e9telk\u00fcl\u00f6nlegess\u00e9gek mellett c\u00e9lunk a j\u00f3 hangulat megteremt\u00e9se is, \u00edgy nagyban \u00e9rt\u00e9kelj\u00fck a csapatok kreativit\u00e1s\u00e1t, a f\u0151z\u0151helyek dekor\u00e1ci\u00f3j\u00e1t \u00e9s persze a j\u00f3 hangulatot is!<br \/>\nFesztiv\u00e1lunk c\u00e9lja, hogy ne csak a f\u0151z\u0151csapatok \u00e9s bar\u00e1ti k\u00f6r\u00f6k ig\u00e9nyeit el\u00e9g\u00edtse ki, de ugyan\u00fagy l\u00e1togat\u00f3k\u00e9nt, k\u00f3stol\u00f3k\u00e9nt \u00e9rkez\u0151k ig\u00e9nyeit is. Ennek \u00e9rdek\u00e9ben t\u00f6bb sz\u00ednpadon k\u00edn\u00e1lunk zenei programot, k\u00e9zm\u0171ves \u00e9s csal\u00e1di programokat kicsiknek \u00e9s nagyoknak, valamint \u00e9l\u0151zen\u00e9s t\u00e1nch\u00e1zat \u00e9s bemutat\u00f3kat a t\u00e1jegys\u00e9gek \u00e9tel-ital k\u00edn\u00e1lat\u00e1b\u00f3l.<br \/>\nA gasztrofesztiv\u00e1l 2017-t\u0151l egy \u00faj helysz\u00ednnel b\u0151v\u00fclt, a R\u00e9gi\u00f3k \u00cdzei fesztiv\u00e1l ter\u00fclettel, mely oroszl\u00e1nr\u00e9sz szerepet v\u00e1llal a trad\u00edci\u00f3k bemutat\u00e1s\u00e1ban, meg\u0151rz\u00e9s\u00e9ben \u00e9s \u00e1tad\u00e1s\u00e1ban. C\u00e9lja, hogy \u00e9leth\u0171en prezent\u00e1lja a mikror\u00e9gi\u00f3k telep\u00fcl\u00e9seinek soksz\u00edn\u0171s\u00e9g\u00e9t, azok t\u00e1jjelleg\u0171 gasztron\u00f3miai finoms\u00e1gait, t\u00e1jegys\u00e9gek n\u00e9pszok\u00e1sait \u00e9s n\u00e9phagyom\u00e1ny\u0151rz\u0151 tev\u00e9kenys\u00e9geit.<br \/>\nAz O\u00c1ZA Nemzetk\u00f6zi Gasztrofesztiv\u00e1l gasztron\u00f3miai \u00e9s kultur\u00e1lis \u00e9lvezetekkel teli, kit\u0171n\u0151 hangulat\u00fa \u00e9s \u00e9rdemi id\u0151t\u00f6lt\u00e9st k\u00edn\u00e1l minden kedves l\u00e1togat\u00f3nak!<\/p>\n<p>J\u00f3 \u00e9tv\u00e1gyat, j\u00f3 sz\u00f3rakoz\u00e1st \u00e9s \u00e9lm\u00e9nyekkel teli napokat k\u00edv\u00e1nunk![\/vc_column_text][\/vc_column][\/vc_row]<\/p>\n","protected":false},"excerpt":{"rendered":"<p>[vc_row el_class=&#8221;flex-container&#8221;][vc_column][vc_column_text]A kamocsai gasztrofesztiv\u00e1llal egy olyan rendezv\u00e9nyt szerett\u00fcnk volna l\u00e9trehozni, ahol a l\u00e1togat\u00f3 a zenei programokon k\u00edv\u00fcl t\u00f6bbet kap a&#8230;<\/p>\n","protected":false},"author":1,"featured_media":0,"parent":0,"menu_order":0,"comment_status":"closed","ping_status":"closed","template":"","meta":{"_monsterinsights_skip_tracking":false,"_monsterinsights_sitenote_active":false,"_monsterinsights_sitenote_note":"","_monsterinsights_sitenote_category":0,"footnotes":""},"class_list":["post-35969","page","type-page","status-publish","hentry"],"yoast_head":"<!-- This site is optimized with the Yoast SEO plugin v24.8.1 - https:\/\/yoast.com\/wordpress\/plugins\/seo\/ -->\n<title>Gasztrofesztr\u0151l | Gastrofest<\/title>\n<meta name=\"description\" content=\"Miert is a felfalnival\u00f3 megapiknik a gasztrofeszt? Gyere \u00e9s k\u00f3stolj bele! Addig is olvasd el, hogyan is volt \u00e9s hogy lessz.\" \/>\n<meta name=\"robots\" content=\"index, follow, max-snippet:-1, max-image-preview:large, max-video-preview:-1\" \/>\n<link rel=\"canonical\" href=\"https:\/\/gastrofest.sk\/hu\/gasztrofesztrol\/\" \/>\n<meta property=\"og:locale\" content=\"hu_HU\" \/>\n<meta property=\"og:type\" content=\"article\" \/>\n<meta property=\"og:title\" content=\"Gasztrofesztr\u0151l | Gastrofest\" \/>\n<meta property=\"og:description\" content=\"Miert is a felfalnival\u00f3 megapiknik a gasztrofeszt? Gyere \u00e9s k\u00f3stolj bele! Addig is olvasd el, hogyan is volt \u00e9s hogy lessz.\" \/>\n<meta property=\"og:url\" content=\"https:\/\/gastrofest.sk\/hu\/gasztrofesztrol\/\" \/>\n<meta property=\"og:site_name\" content=\"Gastrofest\" \/>\n<meta property=\"article:publisher\" content=\"https:\/\/www.facebook.com\/gastrofest\/\" \/>\n<meta property=\"article:modified_time\" content=\"2023-07-12T15:00:20+00:00\" \/>\n<meta name=\"twitter:card\" content=\"summary_large_image\" \/>\n<meta name=\"twitter:label1\" content=\"Becs\u00fclt olvas\u00e1si id\u0151\" \/>\n\t<meta name=\"twitter:data1\" content=\"2 perc\" \/>\n<script type=\"application\/ld+json\" class=\"yoast-schema-graph\">{\"@context\":\"https:\/\/schema.org\",\"@graph\":[{\"@type\":\"WebPage\",\"@id\":\"https:\/\/gastrofest.sk\/hu\/gasztrofesztrol\/\",\"url\":\"https:\/\/gastrofest.sk\/hu\/gasztrofesztrol\/\",\"name\":\"Gasztrofesztr\u0151l | Gastrofest\",\"isPartOf\":{\"@id\":\"https:\/\/gastrofest.sk\/#website\"},\"datePublished\":\"2019-05-17T13:07:18+00:00\",\"dateModified\":\"2023-07-12T15:00:20+00:00\",\"description\":\"Miert is a felfalnival\u00f3 megapiknik a gasztrofeszt? Gyere \u00e9s k\u00f3stolj bele! Addig is olvasd el, hogyan is volt \u00e9s hogy lessz.\",\"breadcrumb\":{\"@id\":\"https:\/\/gastrofest.sk\/hu\/gasztrofesztrol\/#breadcrumb\"},\"inLanguage\":\"hu\",\"potentialAction\":[{\"@type\":\"ReadAction\",\"target\":[\"https:\/\/gastrofest.sk\/hu\/gasztrofesztrol\/\"]}]},{\"@type\":\"BreadcrumbList\",\"@id\":\"https:\/\/gastrofest.sk\/hu\/gasztrofesztrol\/#breadcrumb\",\"itemListElement\":[{\"@type\":\"ListItem\",\"position\":1,\"name\":\"Home\",\"item\":\"https:\/\/gastrofest.sk\/hu\/\"},{\"@type\":\"ListItem\",\"position\":2,\"name\":\"Gasztrofesztr\u0151l\"}]},{\"@type\":\"WebSite\",\"@id\":\"https:\/\/gastrofest.sk\/#website\",\"url\":\"https:\/\/gastrofest.sk\/\",\"name\":\"Gastrofest\",\"description\":\"Megapiknik na zjedenie, pr\u00ed\u010f a ochutnaj!\",\"publisher\":{\"@id\":\"https:\/\/gastrofest.sk\/#organization\"},\"potentialAction\":[{\"@type\":\"SearchAction\",\"target\":{\"@type\":\"EntryPoint\",\"urlTemplate\":\"https:\/\/gastrofest.sk\/?s={search_term_string}\"},\"query-input\":{\"@type\":\"PropertyValueSpecification\",\"valueRequired\":true,\"valueName\":\"search_term_string\"}}],\"inLanguage\":\"hu\"},{\"@type\":\"Organization\",\"@id\":\"https:\/\/gastrofest.sk\/#organization\",\"name\":\"SITI s.r.o.\",\"url\":\"https:\/\/gastrofest.sk\/\",\"logo\":{\"@type\":\"ImageObject\",\"inLanguage\":\"hu\",\"@id\":\"https:\/\/gastrofest.sk\/#\/schema\/logo\/image\/\",\"url\":\"https:\/\/gastrofest.sk\/wp-content\/uploads\/2017\/03\/header_logo_old.png\",\"contentUrl\":\"https:\/\/gastrofest.sk\/wp-content\/uploads\/2017\/03\/header_logo_old.png\",\"width\":722,\"height\":299,\"caption\":\"SITI s.r.o.\"},\"image\":{\"@id\":\"https:\/\/gastrofest.sk\/#\/schema\/logo\/image\/\"},\"sameAs\":[\"https:\/\/www.facebook.com\/gastrofest\/\",\"https:\/\/www.instagram.com\/gastrofest.sk\/\",\"https:\/\/www.youtube.com\/channel\/UCQmTHNIgmiaJvc0T-BrA03A\"]}]}<\/script>\n<!-- \/ Yoast SEO plugin. -->","yoast_head_json":{"title":"Gasztrofesztr\u0151l | Gastrofest","description":"Miert is a felfalnival\u00f3 megapiknik a gasztrofeszt? Gyere \u00e9s k\u00f3stolj bele! Addig is olvasd el, hogyan is volt \u00e9s hogy lessz.","robots":{"index":"index","follow":"follow","max-snippet":"max-snippet:-1","max-image-preview":"max-image-preview:large","max-video-preview":"max-video-preview:-1"},"canonical":"https:\/\/gastrofest.sk\/hu\/gasztrofesztrol\/","og_locale":"hu_HU","og_type":"article","og_title":"Gasztrofesztr\u0151l | Gastrofest","og_description":"Miert is a felfalnival\u00f3 megapiknik a gasztrofeszt? Gyere \u00e9s k\u00f3stolj bele! Addig is olvasd el, hogyan is volt \u00e9s hogy lessz.","og_url":"https:\/\/gastrofest.sk\/hu\/gasztrofesztrol\/","og_site_name":"Gastrofest","article_publisher":"https:\/\/www.facebook.com\/gastrofest\/","article_modified_time":"2023-07-12T15:00:20+00:00","twitter_card":"summary_large_image","twitter_misc":{"Becs\u00fclt olvas\u00e1si id\u0151":"2 perc"},"schema":{"@context":"https:\/\/schema.org","@graph":[{"@type":"WebPage","@id":"https:\/\/gastrofest.sk\/hu\/gasztrofesztrol\/","url":"https:\/\/gastrofest.sk\/hu\/gasztrofesztrol\/","name":"Gasztrofesztr\u0151l | Gastrofest","isPartOf":{"@id":"https:\/\/gastrofest.sk\/#website"},"datePublished":"2019-05-17T13:07:18+00:00","dateModified":"2023-07-12T15:00:20+00:00","description":"Miert is a felfalnival\u00f3 megapiknik a gasztrofeszt? Gyere \u00e9s k\u00f3stolj bele! Addig is olvasd el, hogyan is volt \u00e9s hogy lessz.","breadcrumb":{"@id":"https:\/\/gastrofest.sk\/hu\/gasztrofesztrol\/#breadcrumb"},"inLanguage":"hu","potentialAction":[{"@type":"ReadAction","target":["https:\/\/gastrofest.sk\/hu\/gasztrofesztrol\/"]}]},{"@type":"BreadcrumbList","@id":"https:\/\/gastrofest.sk\/hu\/gasztrofesztrol\/#breadcrumb","itemListElement":[{"@type":"ListItem","position":1,"name":"Home","item":"https:\/\/gastrofest.sk\/hu\/"},{"@type":"ListItem","position":2,"name":"Gasztrofesztr\u0151l"}]},{"@type":"WebSite","@id":"https:\/\/gastrofest.sk\/#website","url":"https:\/\/gastrofest.sk\/","name":"Gastrofest","description":"Megapiknik na zjedenie, pr\u00ed\u010f a ochutnaj!","publisher":{"@id":"https:\/\/gastrofest.sk\/#organization"},"potentialAction":[{"@type":"SearchAction","target":{"@type":"EntryPoint","urlTemplate":"https:\/\/gastrofest.sk\/?s={search_term_string}"},"query-input":{"@type":"PropertyValueSpecification","valueRequired":true,"valueName":"search_term_string"}}],"inLanguage":"hu"},{"@type":"Organization","@id":"https:\/\/gastrofest.sk\/#organization","name":"SITI s.r.o.","url":"https:\/\/gastrofest.sk\/","logo":{"@type":"ImageObject","inLanguage":"hu","@id":"https:\/\/gastrofest.sk\/#\/schema\/logo\/image\/","url":"https:\/\/gastrofest.sk\/wp-content\/uploads\/2017\/03\/header_logo_old.png","contentUrl":"https:\/\/gastrofest.sk\/wp-content\/uploads\/2017\/03\/header_logo_old.png","width":722,"height":299,"caption":"SITI s.r.o."},"image":{"@id":"https:\/\/gastrofest.sk\/#\/schema\/logo\/image\/"},"sameAs":["https:\/\/www.facebook.com\/gastrofest\/","https:\/\/www.instagram.com\/gastrofest.sk\/","https:\/\/www.youtube.com\/channel\/UCQmTHNIgmiaJvc0T-BrA03A"]}]}},"_links":{"self":[{"href":"https:\/\/gastrofest.sk\/hu\/wp-json\/wp\/v2\/pages\/35969"}],"collection":[{"href":"https:\/\/gastrofest.sk\/hu\/wp-json\/wp\/v2\/pages"}],"about":[{"href":"https:\/\/gastrofest.sk\/hu\/wp-json\/wp\/v2\/types\/page"}],"author":[{"embeddable":true,"href":"https:\/\/gastrofest.sk\/hu\/wp-json\/wp\/v2\/users\/1"}],"replies":[{"embeddable":true,"href":"https:\/\/gastrofest.sk\/hu\/wp-json\/wp\/v2\/comments?post=35969"}],"version-history":[{"count":2,"href":"https:\/\/gastrofest.sk\/hu\/wp-json\/wp\/v2\/pages\/35969\/revisions"}],"predecessor-version":[{"id":36976,"href":"https:\/\/gastrofest.sk\/hu\/wp-json\/wp\/v2\/pages\/35969\/revisions\/36976"}],"wp:attachment":[{"href":"https:\/\/gastrofest.sk\/hu\/wp-json\/wp\/v2\/media?parent=35969"}],"curies":[{"name":"wp","href":"https:\/\/api.w.org\/{rel}","templated":true}]}}